{"id":23,"date":"2017-03-23T11:13:10","date_gmt":"2017-03-23T10:13:10","guid":{"rendered":"https:\/\/themify.me\/demo\/themes\/ultra-accountant\/?page_id=6376"},"modified":"2020-05-07T17:28:45","modified_gmt":"2020-05-07T15:28:45","slug":"o-firmie","status":"publish","type":"page","link":"https:\/\/kryma.net.pl\/index.php\/o-firmie\/","title":{"rendered":"O firmie"},"content":{"rendered":"<!--themify_builder_content-->\n<div id=\"themify_builder_content-23\" data-postid=\"23\" class=\"themify_builder_content themify_builder_content-23 themify_builder tf_clear\">\n                    <div  data-css_id=\"1ebb558\" data-lazy=\"1\" class=\"module_row themify_builder_row vertical-divider row-newsletter input-bg-white fullwidth tb_1ebb558 tb_first tf_w\">\n            <span class=\"builder_row_cover tf_abs\"><\/span>            <div class=\"row_inner col_align_top tb_col_count_1 tf_box tf_rel\">\n                        <div  data-lazy=\"1\" class=\"module_column tb-column col-full tb_2eae38b first\">\n                    <!-- module fancy heading -->\n<div  class=\"module module-fancy-heading tb_84ead88 \" data-lazy=\"1\">\n        <h1 class=\"fancy-heading tf_textc\">\n    <span class=\"main-head tf_block\">\n                    O nas             <\/span>\n\n    \n    <span class=\"sub-head tf_block tf_rel\">\n                    Kim jeste\u015bmy            <\/span>\n    <\/h1>\n<\/div>\n<!-- \/module fancy heading -->\n<!-- module text -->\n<div  class=\"module module-text tb_f6d5dc0  repeat \" data-lazy=\"1\">\n        <div  class=\"tb_text_wrap\">\n        <p>Producent maszyn\u00a0 do produkcji\u00a0 opakowa\u0144<\/p>    <\/div>\n<\/div>\n<!-- \/module text -->        <\/div>\n                        <\/div>\n        <\/div>\n                        <div  data-lazy=\"1\" class=\"module_row themify_builder_row tb_c13d93a tf_w\">\n                        <div class=\"row_inner col_align_top tb_col_count_3 tf_box tf_rel\">\n                        <div  data-lazy=\"1\" class=\"module_column tb-column col3-1 tb_328ddb6 first\">\n                    <!-- module text -->\n<div  class=\"module module-text tb_3f15d30 dropcap repeat \" data-lazy=\"1\">\n        <div  class=\"tb_text_wrap\">\n        <p>Firma <b><span style=\"color: #ff0000;\">&#8222;KRYMA&#8221;<\/span><\/b> dzia\u0142a na rynku od <b>1981<\/b> roku. Natomiast od 1991 roku pod obecn\u0105 nazw\u0105.<br \/><br \/><br \/><big><span style=\"color: #1111111;\">Wykonujemy:<\/span><\/big><br \/><br \/>&#8211; maszyny i urz\u0105dzenia do produkcji opakowa\u0144<br \/>&#8211; wykrojniki poligraficzne<br \/>&#8211; opakowania i wyroby z tektury falistej<br \/>&#8211; projekty opakowa\u0144<\/p>    <\/div>\n<\/div>\n<!-- \/module text -->        <\/div>\n                    <div  data-lazy=\"1\" class=\"module_column tb-column col3-1 tb_d262523\">\n                    <!-- module text -->\n<div  class=\"module module-text tb_096c194  repeat \" data-lazy=\"1\">\n        <div  class=\"tb_text_wrap\">\n        <p>Stawiaj\u0105c na nas zyskujecie Pa\u0144stwo rzetelnego partnera, kt\u00f3ry jest zainteresowany sta\u0142\u0105 wsp\u00f3\u0142prac\u0105, a nie jednorazow\u0105 transakcj\u0105.<\/p>\n<p>Gwarantujemy wysok\u0105 jako\u015b\u0107 oferowanych towar\u00f3w, sumienno\u015b\u0107 i terminowo\u015b\u0107 dostaw oraz korzystne warunki wsp\u00f3\u0142pracy.<\/p>\n<p>Naszym klientom s\u0142u\u017cymy doradztwem oraz wszechstronn\u0105 pomoc\u0105 w zakresie realizacji zam\u00f3wie\u0144.<\/p>    <\/div>\n<\/div>\n<!-- \/module text -->        <\/div>\n                    <div  data-lazy=\"1\" class=\"module_column tb-column col3-1 tb_4d24985 last\">\n                    <!-- module text -->\n<div  class=\"module module-text tb_19652bf  repeat \" data-lazy=\"1\">\n        <div  class=\"tb_text_wrap\">\n        <p>Jako jedna z niewielu firm opr\u00f3cz produkcji maszyn, zajmujemy si\u0119 produkcj\u0105 opakowa\u0144 i wykrojnik\u00f3w. Dzi\u0119ki czemu zdobyli\u015bmy do\u015bwiadczenie, kt\u00f3rego brakuje naszej konkurencji.<\/p>\n<p>Pomagamy w uruchomieniu produkcji, udost\u0119pniamy kontakty handlowe (np. gdzie, na jakich zasadach, w jakiej cenie kupowa\u0107 surowce), s\u0142u\u017cymy doradztwem, udost\u0119pniamy tanie techniki nadruku opakowa\u0144, organizujemy darmowe szkolenia itp<\/p>    <\/div>\n<\/div>\n<!-- \/module text -->        <\/div>\n                        <\/div>\n        <\/div>\n                        <div  data-css_id=\"5a5f449\" data-lazy=\"1\" class=\"module_row themify_builder_row fullwidth tb_5a5f449 tf_w\">\n                        <div class=\"row_inner col_align_top tb_col_count_1 tf_box tf_rel\">\n                        <div  data-lazy=\"1\" class=\"module_column tb-column col-full tb_9b6da1b first\">\n                    <div  class=\"module themify_builder_slider_wrap tf_clearfix module-testimonial-slider tb_7d2a3fe testimonials image-top themify_builder_slider_vertical  wow\" data-tf-animation=\"fadeInUp\" data-lazy=\"1\">\n        <div class=\"themify_builder_slider tf_carousel tf_swiper-container tf_rel tf_overflow\" data-lazy=\"1\"        data-visible=\"1\"\n        data-tab-visible=\"\"\n        data-mob-visible=\"0\"\n        data-scroll=\"1\"\n                    data-nav_out=\"1\"\n                        data-speed=\"normal\"\n        data-wrapvar=\"1\"\n        data-slider_nav=\"1\"\n        data-pager=\"0\"\n        data-effect=\"cover-fade\" \n        data-height=\"variable\"\n        data-css_url=\"https:\/\/kryma.net.pl\/wp-content\/themes\/themify-ultra\/themify\/themify-builder\/css\/modules\/sliders\/carousel,https:\/\/kryma.net.pl\/wp-content\/themes\/themify-ultra\/themify\/themify-builder\/css\/modules\/sliders\/testimonial-slider\"\n                    >\n        <div class=\"tf_swiper-wrapper tf_lazy tf_rel tf_w tf_h tf_textc\">\n                <div class=\"post tf_swiper-slide\">\n            <div class=\"testimonial-item\">\n                                <div class=\"testimonial-content\">\n                                            <h3 class=\"testimonial-title\">Mi\u0142o mi, \u017ce odwiedzili  Pa\u0144stwo  nasz\u0105 stron\u0119. Od lat produkujemy maszyny do produkcji  opakowa\u0144. Dzi\u0119kuj\u0119my za u\u017cytkowanie naszych maszyn.<\/h3>\n                                                                                                        <figure class=\"testimonial-image tf_lazy tf_rel\">\n                            <img src=\"data:image\/svg+xml,%3Csvg%20xmlns=%27http:\/\/www.w3.org\/2000\/svg%27%20width='200'%20height='214'%20viewBox=%270%200%20200%20214%27%3E%3C\/svg%3E\" loading=\"lazy\" data-lazy=\"1\" data-tf-not-load=\"1\" style=\"background:linear-gradient(to right,#6f6147 25%,#291f1d 25% 50%,#271a14 50% 75%,#827e75 75%),linear-gradient(to right,#655643 25%,#c68b5f 25% 50%,#d69575 50% 75%,#7f7b6f 75%),linear-gradient(to right,#231f16 25%,#d6967d 25% 50%,#a16447 50% 75%,#8d7e69 75%),linear-gradient(to right,#131313 25%,#7b6d6c 25% 50%,#b9856f 50% 75%,#0b0b0b 75%)\" decoding=\"async\" width=\"200\" height=\"214\" data-tf-src=\"https:\/\/kryma.net.pl\/wp-content\/uploads\/2019\/10\/boss.jpg\" class=\"tf_svg_lazy wp-post-image wp-image-941\" title=\"boss\" alt=\"Mi\u0142o mi, \u017ce odwiedzili Pa\u0144stwo nasz\u0105 stron\u0119. Od lat produkujemy maszyny do produkcji opakowa\u0144. Dzi\u0119kuj\u0119my za u\u017cytkowanie naszych maszyn.\"><noscript><img loading=\"lazy\" decoding=\"async\" width=\"200\" height=\"214\" data-tf-not-load src=\"https:\/\/kryma.net.pl\/wp-content\/uploads\/2019\/10\/boss.jpg\" class=\"wp-post-image wp-image-941\" title=\"boss\" alt=\"Mi\u0142o mi, \u017ce odwiedzili  Pa\u0144stwo  nasz\u0105 stron\u0119. Od lat produkujemy maszyny do produkcji  opakowa\u0144. Dzi\u0119kuj\u0119my za u\u017cytkowanie naszych maszyn.\"><\/noscript>                        <\/figure>\n                    \n                                            <div class=\"testimonial-author\">\n                            <div class=\"person-name\">Grzegorz Bartoszczyk<\/div>\n                                                            <span class=\"person-position\">Dyrektor generalny<\/span>\n                                                                                <\/div>\n                                    <\/div>\n            <\/div>\n        <\/div>\n            <div class=\"post tf_swiper-slide\" style=\"content-visibility:hidden\">\n            <div class=\"testimonial-item\">\n                                <div class=\"testimonial-content\">\n                                            <h3 class=\"testimonial-title\">Lorem ipsum dolor sit amet, consectetur adipiscing elit. Praesent dapibus sodales accumsan. Maecenas vulputate erat, sed varius ipsum velit sed odio.<\/h3>\n                                                                                                        <figure class=\"testimonial-image tf_lazy tf_rel\">\n                            <img src=\"data:image\/svg+xml,%3Csvg%20xmlns=%27http:\/\/www.w3.org\/2000\/svg%27%20width='80'%20height='80'%20viewBox=%270%200%2080%2080%27%3E%3C\/svg%3E\" loading=\"lazy\" data-lazy=\"1\" data-tf-not-load=\"1\" class=\"tf_svg_lazy\" decoding=\"async\" data-tf-src=\"https:\/\/themify.me\/demo\/themes\/ultra-accountant\/files\/2017\/03\/person-1.png\" width=\"80\" height=\"80\" alt=\"Lorem ipsum dolor sit amet, consectetur adipiscing elit. Praesent dapibus sodales accumsan. Maecenas vulputate erat, sed varius ipsum velit sed odio.\"><noscript><img loading=\"lazy\" decoding=\"async\" data-tf-not-load src=\"https:\/\/themify.me\/demo\/themes\/ultra-accountant\/files\/2017\/03\/person-1.png\" width=\"80\" height=\"80\" alt=\"Lorem ipsum dolor sit amet, consectetur adipiscing elit. Praesent dapibus sodales accumsan. Maecenas vulputate erat, sed varius ipsum velit sed odio.\"><\/noscript>                        <\/figure>\n                    \n                                            <div class=\"testimonial-author\">\n                            <div class=\"person-name\">Dennise King<\/div>\n                                                            <span class=\"person-position\">CEO<\/span>\n                                                                                        <div class=\"person-company\">\n                                                                            Landmark Corporation                                                                    <\/div>\n                                                    <\/div>\n                                    <\/div>\n            <\/div>\n        <\/div>\n            <div class=\"post tf_swiper-slide\" style=\"content-visibility:hidden\">\n            <div class=\"testimonial-item\">\n                                <div class=\"testimonial-content\">\n                                            <h3 class=\"testimonial-title\">Duis aute irure dolor in reprehenderit in voluptate velit esse cillum dolore eu fugiat nulla pariatur. Similique suscipit, id ducimus illum corporis pariatur.<\/h3>\n                                                                                                        <figure class=\"testimonial-image tf_lazy tf_rel\">\n                            <img src=\"data:image\/svg+xml,%3Csvg%20xmlns=%27http:\/\/www.w3.org\/2000\/svg%27%20width='80'%20height='80'%20viewBox=%270%200%2080%2080%27%3E%3C\/svg%3E\" loading=\"lazy\" data-lazy=\"1\" data-tf-not-load=\"1\" class=\"tf_svg_lazy\" decoding=\"async\" data-tf-src=\"https:\/\/themify.me\/demo\/themes\/ultra-accountant\/files\/2017\/03\/person-2.png\" width=\"80\" height=\"80\" alt=\"Duis aute irure dolor in reprehenderit in voluptate velit esse cillum dolore eu fugiat nulla pariatur. Similique suscipit, id ducimus illum corporis pariatur.\"><noscript><img loading=\"lazy\" decoding=\"async\" data-tf-not-load src=\"https:\/\/themify.me\/demo\/themes\/ultra-accountant\/files\/2017\/03\/person-2.png\" width=\"80\" height=\"80\" alt=\"Duis aute irure dolor in reprehenderit in voluptate velit esse cillum dolore eu fugiat nulla pariatur. Similique suscipit, id ducimus illum corporis pariatur.\"><\/noscript>                        <\/figure>\n                    \n                                            <div class=\"testimonial-author\">\n                            <div class=\"person-name\">Robert Gill<\/div>\n                                                            <span class=\"person-position\">Vice President<\/span>\n                                                                                        <div class=\"person-company\">\n                                                                            Wheel Spain Ltd                                                                    <\/div>\n                                                    <\/div>\n                                    <\/div>\n            <\/div>\n        <\/div>\n            <div class=\"post tf_swiper-slide\" style=\"content-visibility:hidden\">\n            <div class=\"testimonial-item\">\n                                <div class=\"testimonial-content\">\n                                            <h3 class=\"testimonial-title\">Sed ut perspiciatis unde omnis iste natus error sit voluptatem accusantium doloremque laudantium, totam rem aperiam, eaque ipsa quae.<\/h3>\n                                                                                                        <figure class=\"testimonial-image tf_lazy tf_rel\">\n                            <img src=\"data:image\/svg+xml,%3Csvg%20xmlns=%27http:\/\/www.w3.org\/2000\/svg%27%20width='80'%20height='80'%20viewBox=%270%200%2080%2080%27%3E%3C\/svg%3E\" loading=\"lazy\" data-lazy=\"1\" data-tf-not-load=\"1\" class=\"tf_svg_lazy\" decoding=\"async\" data-tf-src=\"https:\/\/themify.me\/demo\/themes\/ultra-accountant\/files\/2017\/03\/person-3.png\" width=\"80\" height=\"80\" alt=\"Sed ut perspiciatis unde omnis iste natus error sit voluptatem accusantium doloremque laudantium, totam rem aperiam, eaque ipsa quae.\"><noscript><img loading=\"lazy\" decoding=\"async\" data-tf-not-load src=\"https:\/\/themify.me\/demo\/themes\/ultra-accountant\/files\/2017\/03\/person-3.png\" width=\"80\" height=\"80\" alt=\"Sed ut perspiciatis unde omnis iste natus error sit voluptatem accusantium doloremque laudantium, totam rem aperiam, eaque ipsa quae.\"><\/noscript>                        <\/figure>\n                    \n                                            <div class=\"testimonial-author\">\n                            <div class=\"person-name\">Juli Smith<\/div>\n                                                            <span class=\"person-position\">Manager<\/span>\n                                                                                        <div class=\"person-company\">\n                                                                            County Road Association                                                                    <\/div>\n                                                    <\/div>\n                                    <\/div>\n            <\/div>\n        <\/div>\n                <\/div>\n    <\/div>\n<\/div>\n        <\/div>\n                        <\/div>\n        <\/div>\n                        <div  data-css_id=\"6680693\" data-lazy=\"1\" class=\"module_row themify_builder_row fullwidth tb_6680693 tf_w\">\n                        <div class=\"row_inner col_align_top tb_col_count_1 tf_box tf_rel\">\n                        <div  data-lazy=\"1\" class=\"module_column tb-column col-full tb_081370d first\">\n                            <\/div>\n                        <\/div>\n        <\/div>\n        <\/div>\n<!--\/themify_builder_content-->","protected":false},"excerpt":{"rendered":"<p>O nas Kim jeste\u015bmy Producent maszyn\u00a0 do produkcji\u00a0 opakowa\u0144 Firma &#8222;KRYMA&#8221; dzia\u0142a na rynku od 1981 roku. Natomiast od 1991 roku pod obecn\u0105 nazw\u0105. Wykonujemy: &#8211; maszyny i urz\u0105dzenia do produkcji opakowa\u0144&#8211; wykrojniki poligraficzne&#8211; opakowania i wyroby z tektury falistej&#8211; projekty opakowa\u0144 Stawiaj\u0105c na nas zyskujecie Pa\u0144stwo rzetelnego partnera, kt\u00f3ry jest zainteresowany sta\u0142\u0105 wsp\u00f3\u0142prac\u0105, a [&hellip;]<\/p>\n","protected":false},"author":1,"featured_media":0,"parent":0,"menu_order":0,"comment_status":"closed","ping_status":"closed","template":"","meta":{"footnotes":""},"class_list":["post-23","page","type-page","status-publish","hentry","has-post-title","has-post-date","has-post-category","has-post-tag","has-post-comment","has-post-author",""],"yoast_head":"<!-- This site is optimized with the Yoast SEO plugin v24.1 - https:\/\/yoast.com\/wordpress\/plugins\/seo\/ -->\n<title>O firmie - Kryma Producent maszyn<\/title>\n<meta name=\"robots\" content=\"index, follow, max-snippet:-1, max-image-preview:large, max-video-preview:-1\" \/>\n<link rel=\"canonical\" href=\"https:\/\/kryma.net.pl\/index.php\/o-firmie\/\" \/>\n<meta property=\"og:locale\" content=\"pl_PL\" \/>\n<meta property=\"og:type\" content=\"article\" \/>\n<meta property=\"og:title\" content=\"O firmie - Kryma Producent maszyn\" \/>\n<meta property=\"og:description\" content=\"O nas Kim jeste\u015bmy Producent maszyn\u00a0 do produkcji\u00a0 opakowa\u0144 Firma &#8222;KRYMA&#8221; dzia\u0142a na rynku od 1981 roku. Natomiast od 1991 roku pod obecn\u0105 nazw\u0105. Wykonujemy: &#8211; maszyny i urz\u0105dzenia do produkcji opakowa\u0144&#8211; wykrojniki poligraficzne&#8211; opakowania i wyroby z tektury falistej&#8211; projekty opakowa\u0144 Stawiaj\u0105c na nas zyskujecie Pa\u0144stwo rzetelnego partnera, kt\u00f3ry jest zainteresowany sta\u0142\u0105 wsp\u00f3\u0142prac\u0105, a [&hellip;]\" \/>\n<meta property=\"og:url\" content=\"https:\/\/kryma.net.pl\/index.php\/o-firmie\/\" \/>\n<meta property=\"og:site_name\" content=\"Kryma Producent maszyn\" \/>\n<meta property=\"article:modified_time\" content=\"2020-05-07T15:28:45+00:00\" \/>\n<meta property=\"og:image\" content=\"https:\/\/kryma.net.pl\/wp-content\/uploads\/2019\/10\/boss.jpg\" \/>\n<meta name=\"twitter:card\" content=\"summary_large_image\" \/>\n<meta name=\"twitter:label1\" content=\"Szacowany czas czytania\" \/>\n\t<meta name=\"twitter:data1\" content=\"1 minuta\" \/>\n<script type=\"application\/ld+json\" class=\"yoast-schema-graph\">{\"@context\":\"https:\/\/schema.org\",\"@graph\":[{\"@type\":\"WebPage\",\"@id\":\"https:\/\/kryma.net.pl\/index.php\/o-firmie\/\",\"url\":\"https:\/\/kryma.net.pl\/index.php\/o-firmie\/\",\"name\":\"O firmie - Kryma Producent maszyn\",\"isPartOf\":{\"@id\":\"https:\/\/kryma.net.pl\/#website\"},\"primaryImageOfPage\":{\"@id\":\"https:\/\/kryma.net.pl\/index.php\/o-firmie\/#primaryimage\"},\"image\":{\"@id\":\"https:\/\/kryma.net.pl\/index.php\/o-firmie\/#primaryimage\"},\"thumbnailUrl\":\"https:\/\/kryma.net.pl\/wp-content\/uploads\/2019\/10\/boss.jpg\",\"datePublished\":\"2017-03-23T10:13:10+00:00\",\"dateModified\":\"2020-05-07T15:28:45+00:00\",\"breadcrumb\":{\"@id\":\"https:\/\/kryma.net.pl\/index.php\/o-firmie\/#breadcrumb\"},\"inLanguage\":\"pl-PL\",\"potentialAction\":[{\"@type\":\"ReadAction\",\"target\":[\"https:\/\/kryma.net.pl\/index.php\/o-firmie\/\"]}]},{\"@type\":\"ImageObject\",\"inLanguage\":\"pl-PL\",\"@id\":\"https:\/\/kryma.net.pl\/index.php\/o-firmie\/#primaryimage\",\"url\":\"https:\/\/kryma.net.pl\/wp-content\/uploads\/2019\/10\/boss.jpg\",\"contentUrl\":\"https:\/\/kryma.net.pl\/wp-content\/uploads\/2019\/10\/boss.jpg\",\"width\":200,\"height\":214},{\"@type\":\"BreadcrumbList\",\"@id\":\"https:\/\/kryma.net.pl\/index.php\/o-firmie\/#breadcrumb\",\"itemListElement\":[{\"@type\":\"ListItem\",\"position\":1,\"name\":\"Strona g\u0142\u00f3wna\",\"item\":\"https:\/\/kryma.net.pl\/\"},{\"@type\":\"ListItem\",\"position\":2,\"name\":\"O firmie\"}]},{\"@type\":\"WebSite\",\"@id\":\"https:\/\/kryma.net.pl\/#website\",\"url\":\"https:\/\/kryma.net.pl\/\",\"name\":\"Kryma Producent maszyn\",\"description\":\"Soletry - wykrawarki - drukarki\",\"potentialAction\":[{\"@type\":\"SearchAction\",\"target\":{\"@type\":\"EntryPoint\",\"urlTemplate\":\"https:\/\/kryma.net.pl\/?s={search_term_string}\"},\"query-input\":{\"@type\":\"PropertyValueSpecification\",\"valueRequired\":true,\"valueName\":\"search_term_string\"}}],\"inLanguage\":\"pl-PL\"}]}<\/script>\n<!-- \/ Yoast SEO plugin. -->","yoast_head_json":{"title":"O firmie - Kryma Producent maszyn","robots":{"index":"index","follow":"follow","max-snippet":"max-snippet:-1","max-image-preview":"max-image-preview:large","max-video-preview":"max-video-preview:-1"},"canonical":"https:\/\/kryma.net.pl\/index.php\/o-firmie\/","og_locale":"pl_PL","og_type":"article","og_title":"O firmie - Kryma Producent maszyn","og_description":"O nas Kim jeste\u015bmy Producent maszyn\u00a0 do produkcji\u00a0 opakowa\u0144 Firma &#8222;KRYMA&#8221; dzia\u0142a na rynku od 1981 roku. Natomiast od 1991 roku pod obecn\u0105 nazw\u0105. Wykonujemy: &#8211; maszyny i urz\u0105dzenia do produkcji opakowa\u0144&#8211; wykrojniki poligraficzne&#8211; opakowania i wyroby z tektury falistej&#8211; projekty opakowa\u0144 Stawiaj\u0105c na nas zyskujecie Pa\u0144stwo rzetelnego partnera, kt\u00f3ry jest zainteresowany sta\u0142\u0105 wsp\u00f3\u0142prac\u0105, a [&hellip;]","og_url":"https:\/\/kryma.net.pl\/index.php\/o-firmie\/","og_site_name":"Kryma Producent maszyn","article_modified_time":"2020-05-07T15:28:45+00:00","og_image":[{"url":"https:\/\/kryma.net.pl\/wp-content\/uploads\/2019\/10\/boss.jpg","type":"","width":"","height":""}],"twitter_card":"summary_large_image","twitter_misc":{"Szacowany czas czytania":"1 minuta"},"schema":{"@context":"https:\/\/schema.org","@graph":[{"@type":"WebPage","@id":"https:\/\/kryma.net.pl\/index.php\/o-firmie\/","url":"https:\/\/kryma.net.pl\/index.php\/o-firmie\/","name":"O firmie - Kryma Producent maszyn","isPartOf":{"@id":"https:\/\/kryma.net.pl\/#website"},"primaryImageOfPage":{"@id":"https:\/\/kryma.net.pl\/index.php\/o-firmie\/#primaryimage"},"image":{"@id":"https:\/\/kryma.net.pl\/index.php\/o-firmie\/#primaryimage"},"thumbnailUrl":"https:\/\/kryma.net.pl\/wp-content\/uploads\/2019\/10\/boss.jpg","datePublished":"2017-03-23T10:13:10+00:00","dateModified":"2020-05-07T15:28:45+00:00","breadcrumb":{"@id":"https:\/\/kryma.net.pl\/index.php\/o-firmie\/#breadcrumb"},"inLanguage":"pl-PL","potentialAction":[{"@type":"ReadAction","target":["https:\/\/kryma.net.pl\/index.php\/o-firmie\/"]}]},{"@type":"ImageObject","inLanguage":"pl-PL","@id":"https:\/\/kryma.net.pl\/index.php\/o-firmie\/#primaryimage","url":"https:\/\/kryma.net.pl\/wp-content\/uploads\/2019\/10\/boss.jpg","contentUrl":"https:\/\/kryma.net.pl\/wp-content\/uploads\/2019\/10\/boss.jpg","width":200,"height":214},{"@type":"BreadcrumbList","@id":"https:\/\/kryma.net.pl\/index.php\/o-firmie\/#breadcrumb","itemListElement":[{"@type":"ListItem","position":1,"name":"Strona g\u0142\u00f3wna","item":"https:\/\/kryma.net.pl\/"},{"@type":"ListItem","position":2,"name":"O firmie"}]},{"@type":"WebSite","@id":"https:\/\/kryma.net.pl\/#website","url":"https:\/\/kryma.net.pl\/","name":"Kryma Producent maszyn","description":"Soletry - wykrawarki - drukarki","potentialAction":[{"@type":"SearchAction","target":{"@type":"EntryPoint","urlTemplate":"https:\/\/kryma.net.pl\/?s={search_term_string}"},"query-input":{"@type":"PropertyValueSpecification","valueRequired":true,"valueName":"search_term_string"}}],"inLanguage":"pl-PL"}]}},"_links":{"self":[{"href":"https:\/\/kryma.net.pl\/index.php\/wp-json\/wp\/v2\/pages\/23","targetHints":{"allow":["GET"]}}],"collection":[{"href":"https:\/\/kryma.net.pl\/index.php\/wp-json\/wp\/v2\/pages"}],"about":[{"href":"https:\/\/kryma.net.pl\/index.php\/wp-json\/wp\/v2\/types\/page"}],"author":[{"embeddable":true,"href":"https:\/\/kryma.net.pl\/index.php\/wp-json\/wp\/v2\/users\/1"}],"replies":[{"embeddable":true,"href":"https:\/\/kryma.net.pl\/index.php\/wp-json\/wp\/v2\/comments?post=23"}],"version-history":[{"count":10,"href":"https:\/\/kryma.net.pl\/index.php\/wp-json\/wp\/v2\/pages\/23\/revisions"}],"predecessor-version":[{"id":1044,"href":"https:\/\/kryma.net.pl\/index.php\/wp-json\/wp\/v2\/pages\/23\/revisions\/1044"}],"wp:attachment":[{"href":"https:\/\/kryma.net.pl\/index.php\/wp-json\/wp\/v2\/media?parent=23"}],"curies":[{"name":"wp","href":"https:\/\/api.w.org\/{rel}","templated":true}]}}