{"id":25,"date":"2017-03-23T11:37:39","date_gmt":"2017-03-23T10:37:39","guid":{"rendered":"https:\/\/themify.me\/demo\/themes\/ultra-accountant\/?page_id=6385"},"modified":"2023-02-18T12:04:14","modified_gmt":"2023-02-18T11:04:14","slug":"kontakt","status":"publish","type":"page","link":"https:\/\/kryma.net.pl\/index.php\/kontakt\/","title":{"rendered":"Kontakt"},"content":{"rendered":"<!--themify_builder_content-->\n<div id=\"themify_builder_content-25\" data-postid=\"25\" class=\"themify_builder_content themify_builder_content-25 themify_builder tf_clear\">\n                    <div  data-css_id=\"8b98863\" data-lazy=\"1\" class=\"module_row themify_builder_row vertical-divider row-newsletter input-bg-white fullwidth tb_8b98863 tb_first tf_w\">\n            <span class=\"builder_row_cover tf_abs\"><\/span>            <div class=\"row_inner col_align_top tb_col_count_1 tf_box tf_rel\">\n                        <div  data-lazy=\"1\" class=\"module_column tb-column col-full tb_196eaaa first\">\n                    <!-- module fancy heading -->\n<div  class=\"module module-fancy-heading tb_8a65258  tb_hide_divider\" data-lazy=\"1\">\n        <h1 class=\"fancy-heading tf_textc\">\n    <span class=\"main-head tf_block\">\n                    Zadzwo\u0144 do Nas!            <\/span>\n\n    \n    <span class=\"sub-head tf_block tf_rel\">\n                    Ch\u0119tnie udzielimy doatkowych informacji i przygotujemy ofert\u0119.             <\/span>\n    <\/h1>\n<\/div>\n<!-- \/module fancy heading -->\n<!-- module text -->\n<div  class=\"module module-text tb_03d4f8b  repeat \" data-lazy=\"1\">\n        <div  class=\"tb_text_wrap\">\n        <p>Napisz maile , zadzwo\u0144 , odwied\u017a nas osobi\u015bcie, wybierzemy najlepsze rozwi\u0105zanie.<\/p>\n<p>\u00a0<\/p>    <\/div>\n<\/div>\n<!-- \/module text -->        <\/div>\n                        <\/div>\n        <\/div>\n                        <div  data-lazy=\"1\" class=\"module_row themify_builder_row tb_5b5ba98 tf_w\">\n                        <div class=\"row_inner col_align_top tb_col_count_3 tf_box tf_rel\">\n                        <div  data-lazy=\"1\" class=\"module_column tb-column col3-1 tb_b9ac5fd first\">\n                    <!-- module icon -->\n<div  class=\"module module-icon tb_58d65cc  normal none icon_vertical tf_textl\" data-lazy=\"1\">\n            <div class=\"module-icon-item\">\n                                                                <em class=\"tf_boxblue\"><svg  class=\"tf_fa tf-fas-phone\" aria-hidden=\"true\"><use href=\"#tf-fas-phone\"><\/use><\/svg><\/em>\n                                                        <\/div>\n    <\/div>\n<!-- \/module icon -->\n<!-- module text -->\n<div  class=\"module module-text tb_92c32c4  repeat \" data-lazy=\"1\">\n        <div  class=\"tb_text_wrap\">\n        <p>Kom 609 583 060<\/p>    <\/div>\n<\/div>\n<!-- \/module text -->        <\/div>\n                    <div  data-lazy=\"1\" class=\"module_column tb-column col3-1 tb_acd5dd6\">\n                    <!-- module icon -->\n<div  class=\"module module-icon tb_548d2d3  normal none icon_vertical tf_textl\" data-lazy=\"1\">\n            <div class=\"module-icon-item\">\n                                                                <em class=\"tf_boxblue\"><svg  class=\"tf_fa tf-far-map-marker\" aria-hidden=\"true\"><use href=\"#tf-far-map-marker\"><\/use><\/svg><\/em>\n                                                        <\/div>\n    <\/div>\n<!-- \/module icon -->\n<!-- module text -->\n<div  class=\"module module-text tb_d8656a2  repeat \" data-lazy=\"1\">\n        <div  class=\"tb_text_wrap\">\n        <p>Zak\u0142ad Produkcyjny<\/p>\n<p>95-083 Lutomiersk<\/p>\n<p>Babice 76B<\/p>    <\/div>\n<\/div>\n<!-- \/module text -->        <\/div>\n                    <div  data-lazy=\"1\" class=\"module_column tb-column col3-1 tb_95ea6ad last\">\n                    <!-- module icon -->\n<div  class=\"module module-icon tb_cc3f3b1  normal none icon_vertical tf_textl\" data-lazy=\"1\">\n            <div class=\"module-icon-item\">\n                                                                <em class=\"tf_boxblue\"><svg  class=\"tf_fa tf-far-envelope-o\" aria-hidden=\"true\"><use href=\"#tf-far-envelope-o\"><\/use><\/svg><\/em>\n                                                        <\/div>\n    <\/div>\n<!-- \/module icon -->\n<!-- module text -->\n<div  class=\"module module-text tb_a4b4249  repeat \" data-lazy=\"1\">\n        <div  class=\"tb_text_wrap\">\n        <p>kryma@kryma.pl<\/p>    <\/div>\n<\/div>\n<!-- \/module text -->        <\/div>\n                        <\/div>\n        <\/div>\n                        <div  data-css_id=\"b1b413d\" data-lazy=\"1\" class=\"module_row themify_builder_row fullwidth tb_b1b413d tf_w\">\n                        <div class=\"row_inner col_align_top tb_col_count_1 tf_box tf_rel\">\n                        <div  data-lazy=\"1\" class=\"module_column tb-column col-full tb_a8398af first\">\n                            <\/div>\n                        <\/div>\n        <\/div>\n        <\/div>\n<!--\/themify_builder_content-->","protected":false},"excerpt":{"rendered":"<p>Zadzwo\u0144 do Nas!Ch\u0119tnie udzielimy doatkowych informacji i przygotujemy ofert\u0119. Napisz maile , zadzwo\u0144 , odwied\u017a nas osobi\u015bcie, wybierzemy najlepsze rozwi\u0105zanie. \u00a0 Kom 609 583 060 Zak\u0142ad Produkcyjny 95-083 Lutomiersk Babice 76B kryma@kryma.pl<\/p>\n","protected":false},"author":1,"featured_media":0,"parent":0,"menu_order":0,"comment_status":"closed","ping_status":"closed","template":"","meta":{"footnotes":""},"class_list":["post-25","page","type-page","status-publish","hentry","has-post-title","has-post-date","has-post-category","has-post-tag","has-post-comment","has-post-author",""],"yoast_head":"<!-- This site is optimized with the Yoast SEO plugin v24.1 - https:\/\/yoast.com\/wordpress\/plugins\/seo\/ -->\n<title>Kontakt - Kryma Producent maszyn<\/title>\n<meta name=\"robots\" content=\"index, follow, max-snippet:-1, max-image-preview:large, max-video-preview:-1\" \/>\n<link rel=\"canonical\" href=\"https:\/\/kryma.net.pl\/index.php\/kontakt\/\" \/>\n<meta property=\"og:locale\" content=\"pl_PL\" \/>\n<meta property=\"og:type\" content=\"article\" \/>\n<meta property=\"og:title\" content=\"Kontakt - Kryma Producent maszyn\" \/>\n<meta property=\"og:description\" content=\"Zadzwo\u0144 do Nas!Ch\u0119tnie udzielimy doatkowych informacji i przygotujemy ofert\u0119. Napisz maile , zadzwo\u0144 , odwied\u017a nas osobi\u015bcie, wybierzemy najlepsze rozwi\u0105zanie. \u00a0 Kom 609 583 060 Zak\u0142ad Produkcyjny 95-083 Lutomiersk Babice 76B kryma@kryma.pl\" \/>\n<meta property=\"og:url\" content=\"https:\/\/kryma.net.pl\/index.php\/kontakt\/\" \/>\n<meta property=\"og:site_name\" content=\"Kryma Producent maszyn\" \/>\n<meta property=\"article:modified_time\" content=\"2023-02-18T11:04:14+00:00\" \/>\n<meta name=\"twitter:card\" content=\"summary_large_image\" \/>\n<script type=\"application\/ld+json\" class=\"yoast-schema-graph\">{\"@context\":\"https:\/\/schema.org\",\"@graph\":[{\"@type\":\"WebPage\",\"@id\":\"https:\/\/kryma.net.pl\/index.php\/kontakt\/\",\"url\":\"https:\/\/kryma.net.pl\/index.php\/kontakt\/\",\"name\":\"Kontakt - Kryma Producent maszyn\",\"isPartOf\":{\"@id\":\"https:\/\/kryma.net.pl\/#website\"},\"datePublished\":\"2017-03-23T10:37:39+00:00\",\"dateModified\":\"2023-02-18T11:04:14+00:00\",\"breadcrumb\":{\"@id\":\"https:\/\/kryma.net.pl\/index.php\/kontakt\/#breadcrumb\"},\"inLanguage\":\"pl-PL\",\"potentialAction\":[{\"@type\":\"ReadAction\",\"target\":[\"https:\/\/kryma.net.pl\/index.php\/kontakt\/\"]}]},{\"@type\":\"BreadcrumbList\",\"@id\":\"https:\/\/kryma.net.pl\/index.php\/kontakt\/#breadcrumb\",\"itemListElement\":[{\"@type\":\"ListItem\",\"position\":1,\"name\":\"Strona g\u0142\u00f3wna\",\"item\":\"https:\/\/kryma.net.pl\/\"},{\"@type\":\"ListItem\",\"position\":2,\"name\":\"Kontakt\"}]},{\"@type\":\"WebSite\",\"@id\":\"https:\/\/kryma.net.pl\/#website\",\"url\":\"https:\/\/kryma.net.pl\/\",\"name\":\"Kryma Producent maszyn\",\"description\":\"Soletry - wykrawarki - drukarki\",\"potentialAction\":[{\"@type\":\"SearchAction\",\"target\":{\"@type\":\"EntryPoint\",\"urlTemplate\":\"https:\/\/kryma.net.pl\/?s={search_term_string}\"},\"query-input\":{\"@type\":\"PropertyValueSpecification\",\"valueRequired\":true,\"valueName\":\"search_term_string\"}}],\"inLanguage\":\"pl-PL\"}]}<\/script>\n<!-- \/ Yoast SEO plugin. -->","yoast_head_json":{"title":"Kontakt - Kryma Producent maszyn","robots":{"index":"index","follow":"follow","max-snippet":"max-snippet:-1","max-image-preview":"max-image-preview:large","max-video-preview":"max-video-preview:-1"},"canonical":"https:\/\/kryma.net.pl\/index.php\/kontakt\/","og_locale":"pl_PL","og_type":"article","og_title":"Kontakt - Kryma Producent maszyn","og_description":"Zadzwo\u0144 do Nas!Ch\u0119tnie udzielimy doatkowych informacji i przygotujemy ofert\u0119. Napisz maile , zadzwo\u0144 , odwied\u017a nas osobi\u015bcie, wybierzemy najlepsze rozwi\u0105zanie. \u00a0 Kom 609 583 060 Zak\u0142ad Produkcyjny 95-083 Lutomiersk Babice 76B kryma@kryma.pl","og_url":"https:\/\/kryma.net.pl\/index.php\/kontakt\/","og_site_name":"Kryma Producent maszyn","article_modified_time":"2023-02-18T11:04:14+00:00","twitter_card":"summary_large_image","schema":{"@context":"https:\/\/schema.org","@graph":[{"@type":"WebPage","@id":"https:\/\/kryma.net.pl\/index.php\/kontakt\/","url":"https:\/\/kryma.net.pl\/index.php\/kontakt\/","name":"Kontakt - Kryma Producent maszyn","isPartOf":{"@id":"https:\/\/kryma.net.pl\/#website"},"datePublished":"2017-03-23T10:37:39+00:00","dateModified":"2023-02-18T11:04:14+00:00","breadcrumb":{"@id":"https:\/\/kryma.net.pl\/index.php\/kontakt\/#breadcrumb"},"inLanguage":"pl-PL","potentialAction":[{"@type":"ReadAction","target":["https:\/\/kryma.net.pl\/index.php\/kontakt\/"]}]},{"@type":"BreadcrumbList","@id":"https:\/\/kryma.net.pl\/index.php\/kontakt\/#breadcrumb","itemListElement":[{"@type":"ListItem","position":1,"name":"Strona g\u0142\u00f3wna","item":"https:\/\/kryma.net.pl\/"},{"@type":"ListItem","position":2,"name":"Kontakt"}]},{"@type":"WebSite","@id":"https:\/\/kryma.net.pl\/#website","url":"https:\/\/kryma.net.pl\/","name":"Kryma Producent maszyn","description":"Soletry - wykrawarki - drukarki","potentialAction":[{"@type":"SearchAction","target":{"@type":"EntryPoint","urlTemplate":"https:\/\/kryma.net.pl\/?s={search_term_string}"},"query-input":{"@type":"PropertyValueSpecification","valueRequired":true,"valueName":"search_term_string"}}],"inLanguage":"pl-PL"}]}},"_links":{"self":[{"href":"https:\/\/kryma.net.pl\/index.php\/wp-json\/wp\/v2\/pages\/25","targetHints":{"allow":["GET"]}}],"collection":[{"href":"https:\/\/kryma.net.pl\/index.php\/wp-json\/wp\/v2\/pages"}],"about":[{"href":"https:\/\/kryma.net.pl\/index.php\/wp-json\/wp\/v2\/types\/page"}],"author":[{"embeddable":true,"href":"https:\/\/kryma.net.pl\/index.php\/wp-json\/wp\/v2\/users\/1"}],"replies":[{"embeddable":true,"href":"https:\/\/kryma.net.pl\/index.php\/wp-json\/wp\/v2\/comments?post=25"}],"version-history":[{"count":13,"href":"https:\/\/kryma.net.pl\/index.php\/wp-json\/wp\/v2\/pages\/25\/revisions"}],"predecessor-version":[{"id":1190,"href":"https:\/\/kryma.net.pl\/index.php\/wp-json\/wp\/v2\/pages\/25\/revisions\/1190"}],"wp:attachment":[{"href":"https:\/\/kryma.net.pl\/index.php\/wp-json\/wp\/v2\/media?parent=25"}],"curies":[{"name":"wp","href":"https:\/\/api.w.org\/{rel}","templated":true}]}}