{"id":252,"date":"2019-04-02T14:17:59","date_gmt":"2019-04-02T12:17:59","guid":{"rendered":"http:\/\/kryma.net.pl\/?page_id=252"},"modified":"2019-04-18T23:02:36","modified_gmt":"2019-04-18T21:02:36","slug":"wykrojniki","status":"publish","type":"page","link":"https:\/\/kryma.net.pl\/index.php\/wykrojniki\/","title":{"rendered":"Wykrojniki"},"content":{"rendered":"<!--themify_builder_content-->\n<div id=\"themify_builder_content-252\" data-postid=\"252\" class=\"themify_builder_content themify_builder_content-252 themify_builder tf_clear\">\n                    <div  data-lazy=\"1\" class=\"module_row themify_builder_row tb_66dc574 tb_first tf_w\">\n                        <div class=\"row_inner col_align_top tb_col_count_1 tf_box tf_rel\">\n                        <div  data-lazy=\"1\" class=\"module_column tb-column col-full tb_2f0f6f5 first\">\n                    <!-- module text -->\n<div  class=\"module module-text tb_09040c7  repeat \" data-lazy=\"1\">\n        <div  class=\"tb_text_wrap\">\n        <p class=\\\"main_w\\\">Firma <b>\\&#8221;Kryma\\&#8221;<\/b> oferuje pa\u0144stwu us\u0142ugi w zakresie wykonywania wykrojnik\u00f3w poligraficznych p\u0142askich do wykrawania tektur falistych (fala E, B, C, BE, BC i innych).<br \/><br \/><\/p>\n<center><img src=\\\"https:\/\/www.kryma.pl\/allegro\/strona\/wykrojniki.jpg\\\" alt=\\\"wykrojnik poligraficzy p\u0142aski\\\" border=\\\"0\\\" \/><\/center>\n<p class=\\\"main_w\\\"><span style=\\\"color: #444444;\\\"><br \/>&#8211; W naszych wykrojnikach stosujemy materia\u0142y najwy\u017cszej jako\u015bci zapewniaj\u0105ce r\u00f3wn\u0105 i precyzyjn\u0105 lin\u0119 ci\u0119cia i bigowania. <br \/><br \/>&#8211; Naszym klientom s\u0142u\u017cymy doradztwem oraz wszechstronn\u0105 pomoc\u0105<br \/><br \/>w zakresie realizacji zam\u00f3wie\u0144.<br \/><br \/>&#8211; Posiadamy katalogi wzor\u00f3w umo\u017cliwiaj\u0105ce naszym klientom <br \/>w wybraniu optymalnego rozwi\u0105zania.<br \/><br \/><\/span><\/p>\n<center><span style=\\\"color: #444444;\\\"><img src=\\\"https:\/\/www.kryma.pl\/allegro\/strona\/wykrojniki2.jpg\\\" alt=\\\"wykrojniki poligraficzne p\u0142askie\\\" border=\\\"0\\\" \/><\/span><\/center>\n<p class=\\\"main_w\\\"><span style=\\\"color: #444444;\\\">Nasza firma jest w stanie wykona\u0107 wykrojnik o dowolnych wymiarach.<br \/><br \/>Gwarantujemy naszym klientom szybk\u0105 realizacj\u0119 zlece\u0144 i niskie ceny. <\/span><\/p>    <\/div>\n<\/div>\n<!-- \/module text -->        <\/div>\n                        <\/div>\n        <\/div>\n        <\/div>\n<!--\/themify_builder_content-->","protected":false},"excerpt":{"rendered":"<p>Firma &#8222;Kryma&#8221; oferuje pa\u0144stwu us\u0142ugi w zakresie wykonywania wykrojnik\u00f3w poligraficznych p\u0142askich do wykrawania tektur falistych (fala E, B, C, BE, BC i innych). &#8211; W naszych wykrojnikach stosujemy materia\u0142y najwy\u017cszej jako\u015bci zapewniaj\u0105ce r\u00f3wn\u0105 i precyzyjn\u0105 lin\u0119 ci\u0119cia i bigowania. &#8211; Naszym klientom s\u0142u\u017cymy doradztwem oraz wszechstronn\u0105 pomoc\u0105 w zakresie realizacji zam\u00f3wie\u0144. &#8211; Posiadamy katalogi wzor\u00f3w [&hellip;]<\/p>\n","protected":false},"author":1,"featured_media":0,"parent":0,"menu_order":0,"comment_status":"closed","ping_status":"closed","template":"","meta":{"footnotes":""},"class_list":["post-252","page","type-page","status-publish","hentry","has-post-title","has-post-date","has-post-category","has-post-tag","has-post-comment","has-post-author",""],"yoast_head":"<!-- This site is optimized with the Yoast SEO plugin v24.1 - https:\/\/yoast.com\/wordpress\/plugins\/seo\/ -->\n<title>Wykrojniki - Kryma Producent maszyn<\/title>\n<meta name=\"robots\" content=\"index, follow, max-snippet:-1, max-image-preview:large, max-video-preview:-1\" \/>\n<link rel=\"canonical\" href=\"https:\/\/kryma.net.pl\/index.php\/wykrojniki\/\" \/>\n<meta property=\"og:locale\" content=\"pl_PL\" \/>\n<meta property=\"og:type\" content=\"article\" \/>\n<meta property=\"og:title\" content=\"Wykrojniki - Kryma Producent maszyn\" \/>\n<meta property=\"og:description\" content=\"Firma &#8222;Kryma&#8221; oferuje pa\u0144stwu us\u0142ugi w zakresie wykonywania wykrojnik\u00f3w poligraficznych p\u0142askich do wykrawania tektur falistych (fala E, B, C, BE, BC i innych). &#8211; W naszych wykrojnikach stosujemy materia\u0142y najwy\u017cszej jako\u015bci zapewniaj\u0105ce r\u00f3wn\u0105 i precyzyjn\u0105 lin\u0119 ci\u0119cia i bigowania. &#8211; Naszym klientom s\u0142u\u017cymy doradztwem oraz wszechstronn\u0105 pomoc\u0105 w zakresie realizacji zam\u00f3wie\u0144. &#8211; Posiadamy katalogi wzor\u00f3w [&hellip;]\" \/>\n<meta property=\"og:url\" content=\"https:\/\/kryma.net.pl\/index.php\/wykrojniki\/\" \/>\n<meta property=\"og:site_name\" content=\"Kryma Producent maszyn\" \/>\n<meta property=\"article:modified_time\" content=\"2019-04-18T21:02:36+00:00\" \/>\n<meta property=\"og:image\" content=\"https:\/\/www.kryma.pl\/allegro\/strona\/wykrojniki.jpg\" \/>\n<meta name=\"twitter:card\" content=\"summary_large_image\" \/>\n<script type=\"application\/ld+json\" class=\"yoast-schema-graph\">{\"@context\":\"https:\/\/schema.org\",\"@graph\":[{\"@type\":\"WebPage\",\"@id\":\"https:\/\/kryma.net.pl\/index.php\/wykrojniki\/\",\"url\":\"https:\/\/kryma.net.pl\/index.php\/wykrojniki\/\",\"name\":\"Wykrojniki - Kryma Producent maszyn\",\"isPartOf\":{\"@id\":\"https:\/\/kryma.net.pl\/#website\"},\"primaryImageOfPage\":{\"@id\":\"https:\/\/kryma.net.pl\/index.php\/wykrojniki\/#primaryimage\"},\"image\":{\"@id\":\"https:\/\/kryma.net.pl\/index.php\/wykrojniki\/#primaryimage\"},\"thumbnailUrl\":\"https:\/\/www.kryma.pl\/allegro\/strona\/wykrojniki.jpg\",\"datePublished\":\"2019-04-02T12:17:59+00:00\",\"dateModified\":\"2019-04-18T21:02:36+00:00\",\"breadcrumb\":{\"@id\":\"https:\/\/kryma.net.pl\/index.php\/wykrojniki\/#breadcrumb\"},\"inLanguage\":\"pl-PL\",\"potentialAction\":[{\"@type\":\"ReadAction\",\"target\":[\"https:\/\/kryma.net.pl\/index.php\/wykrojniki\/\"]}]},{\"@type\":\"ImageObject\",\"inLanguage\":\"pl-PL\",\"@id\":\"https:\/\/kryma.net.pl\/index.php\/wykrojniki\/#primaryimage\",\"url\":\"https:\/\/www.kryma.pl\/allegro\/strona\/wykrojniki.jpg\",\"contentUrl\":\"https:\/\/www.kryma.pl\/allegro\/strona\/wykrojniki.jpg\"},{\"@type\":\"BreadcrumbList\",\"@id\":\"https:\/\/kryma.net.pl\/index.php\/wykrojniki\/#breadcrumb\",\"itemListElement\":[{\"@type\":\"ListItem\",\"position\":1,\"name\":\"Strona g\u0142\u00f3wna\",\"item\":\"https:\/\/kryma.net.pl\/\"},{\"@type\":\"ListItem\",\"position\":2,\"name\":\"Wykrojniki\"}]},{\"@type\":\"WebSite\",\"@id\":\"https:\/\/kryma.net.pl\/#website\",\"url\":\"https:\/\/kryma.net.pl\/\",\"name\":\"Kryma Producent maszyn\",\"description\":\"Soletry - wykrawarki - drukarki\",\"potentialAction\":[{\"@type\":\"SearchAction\",\"target\":{\"@type\":\"EntryPoint\",\"urlTemplate\":\"https:\/\/kryma.net.pl\/?s={search_term_string}\"},\"query-input\":{\"@type\":\"PropertyValueSpecification\",\"valueRequired\":true,\"valueName\":\"search_term_string\"}}],\"inLanguage\":\"pl-PL\"}]}<\/script>\n<!-- \/ Yoast SEO plugin. -->","yoast_head_json":{"title":"Wykrojniki - Kryma Producent maszyn","robots":{"index":"index","follow":"follow","max-snippet":"max-snippet:-1","max-image-preview":"max-image-preview:large","max-video-preview":"max-video-preview:-1"},"canonical":"https:\/\/kryma.net.pl\/index.php\/wykrojniki\/","og_locale":"pl_PL","og_type":"article","og_title":"Wykrojniki - Kryma Producent maszyn","og_description":"Firma &#8222;Kryma&#8221; oferuje pa\u0144stwu us\u0142ugi w zakresie wykonywania wykrojnik\u00f3w poligraficznych p\u0142askich do wykrawania tektur falistych (fala E, B, C, BE, BC i innych). &#8211; W naszych wykrojnikach stosujemy materia\u0142y najwy\u017cszej jako\u015bci zapewniaj\u0105ce r\u00f3wn\u0105 i precyzyjn\u0105 lin\u0119 ci\u0119cia i bigowania. &#8211; Naszym klientom s\u0142u\u017cymy doradztwem oraz wszechstronn\u0105 pomoc\u0105 w zakresie realizacji zam\u00f3wie\u0144. &#8211; Posiadamy katalogi wzor\u00f3w [&hellip;]","og_url":"https:\/\/kryma.net.pl\/index.php\/wykrojniki\/","og_site_name":"Kryma Producent maszyn","article_modified_time":"2019-04-18T21:02:36+00:00","og_image":[{"url":"https:\/\/www.kryma.pl\/allegro\/strona\/wykrojniki.jpg","type":"","width":"","height":""}],"twitter_card":"summary_large_image","schema":{"@context":"https:\/\/schema.org","@graph":[{"@type":"WebPage","@id":"https:\/\/kryma.net.pl\/index.php\/wykrojniki\/","url":"https:\/\/kryma.net.pl\/index.php\/wykrojniki\/","name":"Wykrojniki - Kryma Producent maszyn","isPartOf":{"@id":"https:\/\/kryma.net.pl\/#website"},"primaryImageOfPage":{"@id":"https:\/\/kryma.net.pl\/index.php\/wykrojniki\/#primaryimage"},"image":{"@id":"https:\/\/kryma.net.pl\/index.php\/wykrojniki\/#primaryimage"},"thumbnailUrl":"https:\/\/www.kryma.pl\/allegro\/strona\/wykrojniki.jpg","datePublished":"2019-04-02T12:17:59+00:00","dateModified":"2019-04-18T21:02:36+00:00","breadcrumb":{"@id":"https:\/\/kryma.net.pl\/index.php\/wykrojniki\/#breadcrumb"},"inLanguage":"pl-PL","potentialAction":[{"@type":"ReadAction","target":["https:\/\/kryma.net.pl\/index.php\/wykrojniki\/"]}]},{"@type":"ImageObject","inLanguage":"pl-PL","@id":"https:\/\/kryma.net.pl\/index.php\/wykrojniki\/#primaryimage","url":"https:\/\/www.kryma.pl\/allegro\/strona\/wykrojniki.jpg","contentUrl":"https:\/\/www.kryma.pl\/allegro\/strona\/wykrojniki.jpg"},{"@type":"BreadcrumbList","@id":"https:\/\/kryma.net.pl\/index.php\/wykrojniki\/#breadcrumb","itemListElement":[{"@type":"ListItem","position":1,"name":"Strona g\u0142\u00f3wna","item":"https:\/\/kryma.net.pl\/"},{"@type":"ListItem","position":2,"name":"Wykrojniki"}]},{"@type":"WebSite","@id":"https:\/\/kryma.net.pl\/#website","url":"https:\/\/kryma.net.pl\/","name":"Kryma Producent maszyn","description":"Soletry - wykrawarki - drukarki","potentialAction":[{"@type":"SearchAction","target":{"@type":"EntryPoint","urlTemplate":"https:\/\/kryma.net.pl\/?s={search_term_string}"},"query-input":{"@type":"PropertyValueSpecification","valueRequired":true,"valueName":"search_term_string"}}],"inLanguage":"pl-PL"}]}},"_links":{"self":[{"href":"https:\/\/kryma.net.pl\/index.php\/wp-json\/wp\/v2\/pages\/252","targetHints":{"allow":["GET"]}}],"collection":[{"href":"https:\/\/kryma.net.pl\/index.php\/wp-json\/wp\/v2\/pages"}],"about":[{"href":"https:\/\/kryma.net.pl\/index.php\/wp-json\/wp\/v2\/types\/page"}],"author":[{"embeddable":true,"href":"https:\/\/kryma.net.pl\/index.php\/wp-json\/wp\/v2\/users\/1"}],"replies":[{"embeddable":true,"href":"https:\/\/kryma.net.pl\/index.php\/wp-json\/wp\/v2\/comments?post=252"}],"version-history":[{"count":2,"href":"https:\/\/kryma.net.pl\/index.php\/wp-json\/wp\/v2\/pages\/252\/revisions"}],"predecessor-version":[{"id":470,"href":"https:\/\/kryma.net.pl\/index.php\/wp-json\/wp\/v2\/pages\/252\/revisions\/470"}],"wp:attachment":[{"href":"https:\/\/kryma.net.pl\/index.php\/wp-json\/wp\/v2\/media?parent=252"}],"curies":[{"name":"wp","href":"https:\/\/api.w.org\/{rel}","templated":true}]}}