{"id":396,"date":"2019-04-15T09:43:35","date_gmt":"2019-04-15T07:43:35","guid":{"rendered":"http:\/\/kryma.net.pl\/?page_id=396"},"modified":"2020-11-09T20:32:14","modified_gmt":"2020-11-09T19:32:14","slug":"linie-do-produkcji-pudel","status":"publish","type":"page","link":"https:\/\/kryma.net.pl\/index.php\/linie-do-produkcji-pudel\/","title":{"rendered":"Linie do produkcji pude\u0142"},"content":{"rendered":"<!--themify_builder_content-->\n<div id=\"themify_builder_content-396\" data-postid=\"396\" class=\"themify_builder_content themify_builder_content-396 themify_builder tf_clear\">\n                    <div  data-lazy=\"1\" class=\"module_row themify_builder_row tb_09a3197 tb_first tf_w\">\n                        <div class=\"row_inner col_align_top tb_col_count_1 tf_box tf_rel\">\n                        <div  data-lazy=\"1\" class=\"module_column tb-column col-full tb_7589cac first\">\n                    <!-- module image -->\n<div  class=\"module module-image tb_bf4a5e0 image-top   tf_mw\" data-lazy=\"1\">\n        <div class=\"image-wrap tf_rel tf_mw\">\n            <img loading=\"lazy\" decoding=\"async\" width=\"3000\" height=\"1963\" src=\"https:\/\/kryma.net.pl\/wp-content\/uploads\/2019\/10\/Linia-FO.jpg\" class=\"wp-post-image wp-image-908\" title=\"Linia-FO\" alt=\"Linia-FO\" srcset=\"https:\/\/kryma.net.pl\/wp-content\/uploads\/2019\/10\/Linia-FO.jpg 3000w, https:\/\/kryma.net.pl\/wp-content\/uploads\/2019\/10\/Linia-FO-300x196.jpg 300w, https:\/\/kryma.net.pl\/wp-content\/uploads\/2019\/10\/Linia-FO-768x503.jpg 768w, https:\/\/kryma.net.pl\/wp-content\/uploads\/2019\/10\/Linia-FO-1024x670.jpg 1024w\" sizes=\"auto, (max-width: 3000px) 100vw, 3000px\" \/>    \n        <\/div>\n    <!-- \/image-wrap -->\n    \n        <\/div>\n<!-- \/module image --><!-- module text -->\n<div  class=\"module module-text tb_pw3l515   \" data-lazy=\"1\">\n        <div  class=\"tb_text_wrap\">\n        <p>Nasze maszyny mo\u017cna \u0142\u0105czy\u0107 w linie do produkcji opakowa\u0144. Linie mo\u017cna tworzy\u0107 z \u0142\u0105cz\u0105c ze sob\u0105 maszyny w nast\u0119puj\u0105ce konfiguracje:<\/p>\n<p>\u00a0<\/p>\n<p>Sloter + drukarka fleksograficzna 1 lub 2 korory<\/p>\n<p>Wykrawarka rotacyjna + drukarka fleksograficzna 1 lub 2 korory<\/p>\n<p>Sloter + Wykrawarka rotacyjna + drukarka fleksograficzna 1 lub 2 korory<\/p>\n<p>\u00a0<\/p>\n<p>Ceny i parametry techniczne zale\u017c\u0105 od potrzeb naszych klient\u00f3w i s\u0105 ustalane indywidualnie.<\/p>\n<p>\u00a0<\/p>\n<p>Poni\u017cej przedstawimy Linie produkcyjn\u0105 sk\u0142adaj\u0105c\u0105 si\u0119 ze Wykrawarki Rotacyjnej WR-2000 i jenokolorowej Drukarki Fleksograficznej DF-2000\/1600&#215;1000. Linia obs\u0142uguje maksymalny wymiar formatki 2000&#215;1000 mm. Linia dzia\u0142a w pe\u0142ni w trybie automatycznym. Maszyna w standardzie wyposa\u017cona jest w automatyczny podajnik formatek, kt\u00f3ry sam pobiera formatk\u0119 ze stosu, dzi\u0119ki czemu \u017cadna inna maszyna nie ma tak du\u017cej wydajno\u015bci! Wydajno\u015b\u0107 to 2500 szt\/h. Rotacja jest umieszczona na szynach, dzi\u0119ki czemu mo\u017cemy rozsuwa\u0107 modu\u0142y co u\u0142atwia\u00a0 dost\u0119p do poszczeg\u00f3lnych zespo\u0142\u00f3w maszyny.<\/p>    <\/div>\n<\/div>\n<!-- \/module text -->        <\/div>\n                        <\/div>\n        <\/div>\n                        <div  data-lazy=\"1\" class=\"module_row themify_builder_row tb_vjfm231 tf_w\">\n                        <div class=\"row_inner col_align_top tb_col_count_1 tf_box tf_rel\">\n                        <div  data-lazy=\"1\" class=\"module_column tb-column col-full tb_kqfr231 first\">\n                            <div  data-lazy=\"1\" class=\"module_subrow themify_builder_sub_row tf_w col_align_top tb_col_count_1 tb_jeit232\">\n                <div  data-lazy=\"1\" class=\"module_column sub_column col-full tb_jy2l233 first\">\n                            <\/div>\n                    <\/div>\n                <div  data-lazy=\"1\" class=\"module_subrow themify_builder_sub_row tf_w col_align_top tb_col_count_1 tb_03y5233\">\n                <div  data-lazy=\"1\" class=\"module_column sub_column col-full tb_5z7l234 first\">\n                            <\/div>\n                    <\/div>\n                <div  data-lazy=\"1\" class=\"module_subrow themify_builder_sub_row tf_w col_align_top tb_col_count_2 tb_g9dn234\">\n                <div  data-lazy=\"1\" class=\"module_column sub_column col2-1 tb_phl8234 first\">\n                    <!-- module image -->\n<div  class=\"module module-image tb_zisa235 image-center rounded drop-shadow bordered  tf_mw\" data-lazy=\"1\">\n    <h3 class=\"module-title\">WR-2000 + DF-2000\/1600\u00d71000<\/h3>    <div class=\"image-wrap tf_rel tf_mw\">\n            <img loading=\"lazy\" decoding=\"async\" width=\"3000\" height=\"2000\" src=\"https:\/\/kryma.net.pl\/wp-content\/uploads\/2019\/03\/Linia-F-2.jpg\" class=\"wp-post-image wp-image-160\" title=\"Linia F 2\" alt=\"Linia F 2\" srcset=\"https:\/\/kryma.net.pl\/wp-content\/uploads\/2019\/03\/Linia-F-2.jpg 3000w, https:\/\/kryma.net.pl\/wp-content\/uploads\/2019\/03\/Linia-F-2-1024x683-300x200.jpg 300w, https:\/\/kryma.net.pl\/wp-content\/uploads\/2019\/03\/Linia-F-2-768x512.jpg 768w, https:\/\/kryma.net.pl\/wp-content\/uploads\/2019\/03\/Linia-F-2-1024x683.jpg 1024w\" sizes=\"auto, (max-width: 3000px) 100vw, 3000px\" \/>    \n        <\/div>\n    <!-- \/image-wrap -->\n    \n        <\/div>\n<!-- \/module image -->        <\/div>\n                    <div  data-lazy=\"1\" class=\"module_column sub_column col2-1 tb_ctg7235 last\">\n                            <\/div>\n                    <\/div>\n                <div  data-lazy=\"1\" class=\"module_subrow themify_builder_sub_row tf_w col_align_top tb_col_count_1 tb_gaa1236\">\n                <div  data-lazy=\"1\" class=\"module_column sub_column col-full tb_o41u236 first\">\n                    <!-- module text -->\n<div  class=\"module module-text tb_2b2q279   \" data-lazy=\"1\">\n        <div  class=\"tb_text_wrap\">\n            <\/div>\n<\/div>\n<!-- \/module text --><!-- module text -->\n<div  class=\"module module-text tb_bx58236  repeat \" data-lazy=\"1\">\n        <div  class=\"tb_text_wrap\">\n        <h3><strong>Gwarancja: <\/strong><\/h3>\n<p>Nasze maszyny posiadaj\u0105 roczn\u0105 gwarancj\u0119 z mo\u017cliwo\u015bci\u0105 przed\u0142u\u017cenia do 36 miesi\u0119cy i serwis na terenie ca\u0142ego kraju. Ponadto s\u0142u\u017cymy pomoc\u0105 techniczn\u0105 oraz \u015bwiadczymy obs\u0142ug\u0119 serwisow\u0105 po up\u0142ywie gwarancji. <br \/>Poniewa\u017c jeste\u015bmy producentem prezentowanej maszyny, gwarancja jest wystawiona przez nasz\u0105 firm\u0119. Wi\u0105\u017ce si\u0119 to tak\u017ce z ekspresowym serwisem, gdy\u017c wszystkie cz\u0119\u015bci posiadamy na miejscu i nie musimy sprowadza\u0107 ich od producent\u00f3w.<\/p>\n<p>\u00a0<\/p>\n<p>\u00a0<\/p>    <\/div>\n<\/div>\n<!-- \/module text -->        <\/div>\n                    <\/div>\n                <\/div>\n                        <\/div>\n        <\/div>\n                        <div  data-lazy=\"1\" class=\"module_row themify_builder_row tb_tgnq325 tf_w\">\n                        <div class=\"row_inner col_align_top tb_col_count_1 tf_box tf_rel\">\n                        <div  data-lazy=\"1\" class=\"module_column tb-column col-full tb_z4sl325 first\">\n                    <!-- module text -->\n<div  class=\"module module-text tb_td08941   \" data-lazy=\"1\">\n        <div  class=\"tb_text_wrap\">\n        <h3>Dane Techniczne:<\/h3>\n<p><img loading=\"lazy\" decoding=\"async\" class=\"alignnone size-full wp-image-937 aligncenter\" src=\"https:\/\/kryma.net.pl\/wp-content\/uploads\/2019\/10\/dane_linia0.jpg\" alt=\"\" width=\"449\" height=\"443\" srcset=\"https:\/\/kryma.net.pl\/wp-content\/uploads\/2019\/10\/dane_linia0.jpg 449w, https:\/\/kryma.net.pl\/wp-content\/uploads\/2019\/10\/dane_linia0-300x296.jpg 300w\" sizes=\"auto, (max-width: 449px) 100vw, 449px\" \/><\/p>\n<p><img loading=\"lazy\" decoding=\"async\" class=\"size-full wp-image-936 aligncenter\" src=\"https:\/\/kryma.net.pl\/wp-content\/uploads\/2019\/10\/dane_linia_1.jpg\" alt=\"\" width=\"449\" height=\"522\" srcset=\"https:\/\/kryma.net.pl\/wp-content\/uploads\/2019\/10\/dane_linia_1.jpg 449w, https:\/\/kryma.net.pl\/wp-content\/uploads\/2019\/10\/dane_linia_1-258x300.jpg 258w\" sizes=\"auto, (max-width: 449px) 100vw, 449px\" \/><\/p>\n<p>&nbsp;<\/p>\n<p>&nbsp;<\/p>\n    <\/div>\n<\/div>\n<!-- \/module text --><!-- module text -->\n<div  class=\"module module-text tb_ldt1325   \" data-lazy=\"1\">\n        <div  class=\"tb_text_wrap\">\n        <h3>Galeria :<\/h3>    <\/div>\n<\/div>\n<!-- \/module text --><!-- module gallery -->\n<div  class=\"module gallery module-gallery tb_fsru325 layout-grid rounded drop-shadow bordered \" data-lazy=\"1\">\n    <div class=\"module-gallery-grid\" style=\"--gald:3;--galt:3;--galm:3\">\n            <dl class=\"gallery-item\">\n            <dt class=\"gallery-icon\">\n            <a data-title=\"\" title=\"\" href=\"https:\/\/kryma.net.pl\/wp-content\/uploads\/2019\/10\/Linia-FC.jpg\" data-rel=\"tb_fsru325\" class=\"themify_lightbox\"><img loading=\"lazy\" decoding=\"async\" src=\"https:\/\/kryma.net.pl\/wp-content\/uploads\/2019\/10\/Linia-FC-1024x683-300x200.jpg\" width=\"300\" height=\"200\" class=\"wp-post-image wp-image-933\" title=\"Linia-FC\" alt=\"Linia-FC\" srcset=\"https:\/\/kryma.net.pl\/wp-content\/uploads\/2019\/10\/Linia-FC-1024x683-300x200.jpg 300w, https:\/\/kryma.net.pl\/wp-content\/uploads\/2019\/10\/Linia-FC-768x512.jpg 768w, https:\/\/kryma.net.pl\/wp-content\/uploads\/2019\/10\/Linia-FC-1024x683.jpg 1024w\" sizes=\"auto, (max-width: 300px) 100vw, 300px\" \/><\/a>            <\/dt>\n                    <\/dl>\n            <dl class=\"gallery-item\">\n            <dt class=\"gallery-icon\">\n            <a data-title=\"\" title=\"\" href=\"https:\/\/kryma.net.pl\/wp-content\/uploads\/2019\/10\/Linia-F.jpg\" data-rel=\"tb_fsru325\" class=\"themify_lightbox\"><img loading=\"lazy\" decoding=\"async\" src=\"https:\/\/kryma.net.pl\/wp-content\/uploads\/2019\/10\/Linia-F-1024x683-300x200.jpg\" width=\"300\" height=\"200\" class=\"wp-post-image wp-image-932\" title=\"Linia-F\" alt=\"Linia-F\" srcset=\"https:\/\/kryma.net.pl\/wp-content\/uploads\/2019\/10\/Linia-F-1024x683-300x200.jpg 300w, https:\/\/kryma.net.pl\/wp-content\/uploads\/2019\/10\/Linia-F-768x512.jpg 768w, https:\/\/kryma.net.pl\/wp-content\/uploads\/2019\/10\/Linia-F-1024x683.jpg 1024w\" sizes=\"auto, (max-width: 300px) 100vw, 300px\" \/><\/a>            <\/dt>\n                    <\/dl>\n            <dl class=\"gallery-item\">\n            <dt class=\"gallery-icon\">\n            <a data-title=\"\" title=\"\" href=\"https:\/\/kryma.net.pl\/wp-content\/uploads\/2019\/10\/Linia-FO-1.jpg\" data-rel=\"tb_fsru325\" class=\"themify_lightbox\"><img loading=\"lazy\" decoding=\"async\" src=\"https:\/\/kryma.net.pl\/wp-content\/uploads\/2019\/10\/Linia-FO-1-1024x683-300x200.jpg\" width=\"300\" height=\"200\" class=\"wp-post-image wp-image-934\" title=\"Linia-FO\" alt=\"Linia-FO\" srcset=\"https:\/\/kryma.net.pl\/wp-content\/uploads\/2019\/10\/Linia-FO-1-1024x683-300x200.jpg 300w, https:\/\/kryma.net.pl\/wp-content\/uploads\/2019\/10\/Linia-FO-1-768x512.jpg 768w, https:\/\/kryma.net.pl\/wp-content\/uploads\/2019\/10\/Linia-FO-1-1024x683.jpg 1024w\" sizes=\"auto, (max-width: 300px) 100vw, 300px\" \/><\/a>            <\/dt>\n                    <\/dl>\n            <dl class=\"gallery-item\">\n            <dt class=\"gallery-icon\">\n            <a data-title=\"\" title=\"\" href=\"https:\/\/kryma.net.pl\/wp-content\/uploads\/2019\/10\/Linia-B.jpg\" data-rel=\"tb_fsru325\" class=\"themify_lightbox\"><img loading=\"lazy\" decoding=\"async\" src=\"https:\/\/kryma.net.pl\/wp-content\/uploads\/2019\/10\/Linia-B-1024x683-300x200.jpg\" width=\"300\" height=\"200\" class=\"wp-post-image wp-image-930\" title=\"Linia-B\" alt=\"Linia-B\" srcset=\"https:\/\/kryma.net.pl\/wp-content\/uploads\/2019\/10\/Linia-B-1024x683-300x200.jpg 300w, https:\/\/kryma.net.pl\/wp-content\/uploads\/2019\/10\/Linia-B-768x512.jpg 768w, https:\/\/kryma.net.pl\/wp-content\/uploads\/2019\/10\/Linia-B-1024x683.jpg 1024w\" sizes=\"auto, (max-width: 300px) 100vw, 300px\" \/><\/a>            <\/dt>\n                    <\/dl>\n            <dl class=\"gallery-item\">\n            <dt class=\"gallery-icon\">\n            <a data-title=\"\" title=\"\" href=\"https:\/\/kryma.net.pl\/wp-content\/uploads\/2019\/10\/Linia-BC.jpg\" data-rel=\"tb_fsru325\" class=\"themify_lightbox\"><img loading=\"lazy\" decoding=\"async\" src=\"https:\/\/kryma.net.pl\/wp-content\/uploads\/2019\/10\/Linia-BC-1024x683-300x200.jpg\" width=\"300\" height=\"200\" class=\"wp-post-image wp-image-931\" title=\"Linia-BC\" alt=\"Linia-BC\" srcset=\"https:\/\/kryma.net.pl\/wp-content\/uploads\/2019\/10\/Linia-BC-1024x683-300x200.jpg 300w, https:\/\/kryma.net.pl\/wp-content\/uploads\/2019\/10\/Linia-BC-768x512.jpg 768w, https:\/\/kryma.net.pl\/wp-content\/uploads\/2019\/10\/Linia-BC-1024x683.jpg 1024w\" sizes=\"auto, (max-width: 300px) 100vw, 300px\" \/><\/a>            <\/dt>\n                    <\/dl>\n            <dl class=\"gallery-item\">\n            <dt class=\"gallery-icon\">\n            <a data-title=\"\" title=\"\" href=\"https:\/\/kryma.net.pl\/wp-content\/uploads\/2019\/05\/DSC_6498.jpg\" data-rel=\"tb_fsru325\" class=\"themify_lightbox\"><img loading=\"lazy\" decoding=\"async\" src=\"https:\/\/kryma.net.pl\/wp-content\/uploads\/2019\/05\/DSC_6498-1024x684-300x200.jpg\" width=\"300\" height=\"200\" class=\"wp-post-image wp-image-558\" title=\"DSC_6498\" alt=\"DSC_6498\" srcset=\"https:\/\/kryma.net.pl\/wp-content\/uploads\/2019\/05\/DSC_6498-1024x684-300x200.jpg 300w, https:\/\/kryma.net.pl\/wp-content\/uploads\/2019\/05\/DSC_6498-768x513.jpg 768w, https:\/\/kryma.net.pl\/wp-content\/uploads\/2019\/05\/DSC_6498-1024x684.jpg 1024w, https:\/\/kryma.net.pl\/wp-content\/uploads\/2019\/05\/DSC_6498-1024x684-449x300.jpg 449w\" sizes=\"auto, (max-width: 300px) 100vw, 300px\" \/><\/a>            <\/dt>\n                    <\/dl>\n    <\/div>\n<\/div>\n<!-- \/module gallery -->        <\/div>\n                        <\/div>\n        <\/div>\n        <\/div>\n<!--\/themify_builder_content-->","protected":false},"excerpt":{"rendered":"<p>Nasze maszyny mo\u017cna \u0142\u0105czy\u0107 w linie do produkcji opakowa\u0144. Linie mo\u017cna tworzy\u0107 z \u0142\u0105cz\u0105c ze sob\u0105 maszyny w nast\u0119puj\u0105ce konfiguracje: \u00a0 Sloter + drukarka fleksograficzna 1 lub 2 korory Wykrawarka rotacyjna + drukarka fleksograficzna 1 lub 2 korory Sloter + Wykrawarka rotacyjna + drukarka fleksograficzna 1 lub 2 korory \u00a0 Ceny i parametry techniczne zale\u017c\u0105 [&hellip;]<\/p>\n","protected":false},"author":1,"featured_media":0,"parent":0,"menu_order":0,"comment_status":"closed","ping_status":"closed","template":"","meta":{"footnotes":""},"class_list":["post-396","page","type-page","status-publish","hentry","has-post-title","has-post-date","has-post-category","has-post-tag","has-post-comment","has-post-author",""],"yoast_head":"<!-- This site is optimized with the Yoast SEO plugin v24.1 - https:\/\/yoast.com\/wordpress\/plugins\/seo\/ -->\n<title>Linie do produkcji pude\u0142 - Kryma Producent maszyn<\/title>\n<meta name=\"robots\" content=\"index, follow, max-snippet:-1, max-image-preview:large, max-video-preview:-1\" \/>\n<link rel=\"canonical\" href=\"https:\/\/kryma.net.pl\/index.php\/linie-do-produkcji-pudel\/\" \/>\n<meta property=\"og:locale\" content=\"pl_PL\" \/>\n<meta property=\"og:type\" content=\"article\" \/>\n<meta property=\"og:title\" content=\"Linie do produkcji pude\u0142 - Kryma Producent maszyn\" \/>\n<meta property=\"og:description\" content=\"Nasze maszyny mo\u017cna \u0142\u0105czy\u0107 w linie do produkcji opakowa\u0144. Linie mo\u017cna tworzy\u0107 z \u0142\u0105cz\u0105c ze sob\u0105 maszyny w nast\u0119puj\u0105ce konfiguracje: \u00a0 Sloter + drukarka fleksograficzna 1 lub 2 korory Wykrawarka rotacyjna + drukarka fleksograficzna 1 lub 2 korory Sloter + Wykrawarka rotacyjna + drukarka fleksograficzna 1 lub 2 korory \u00a0 Ceny i parametry techniczne zale\u017c\u0105 [&hellip;]\" \/>\n<meta property=\"og:url\" content=\"https:\/\/kryma.net.pl\/index.php\/linie-do-produkcji-pudel\/\" \/>\n<meta property=\"og:site_name\" content=\"Kryma Producent maszyn\" \/>\n<meta property=\"article:modified_time\" content=\"2020-11-09T19:32:14+00:00\" \/>\n<meta property=\"og:image\" content=\"https:\/\/kryma.net.pl\/wp-content\/uploads\/2019\/10\/Linia-FC-150x150.jpg\" \/>\n<meta name=\"twitter:card\" content=\"summary_large_image\" \/>\n<meta name=\"twitter:label1\" content=\"Szacowany czas czytania\" \/>\n\t<meta name=\"twitter:data1\" content=\"1 minuta\" \/>\n<script type=\"application\/ld+json\" class=\"yoast-schema-graph\">{\"@context\":\"https:\/\/schema.org\",\"@graph\":[{\"@type\":\"WebPage\",\"@id\":\"https:\/\/kryma.net.pl\/index.php\/linie-do-produkcji-pudel\/\",\"url\":\"https:\/\/kryma.net.pl\/index.php\/linie-do-produkcji-pudel\/\",\"name\":\"Linie do produkcji pude\u0142 - Kryma Producent maszyn\",\"isPartOf\":{\"@id\":\"https:\/\/kryma.net.pl\/#website\"},\"primaryImageOfPage\":{\"@id\":\"https:\/\/kryma.net.pl\/index.php\/linie-do-produkcji-pudel\/#primaryimage\"},\"image\":{\"@id\":\"https:\/\/kryma.net.pl\/index.php\/linie-do-produkcji-pudel\/#primaryimage\"},\"thumbnailUrl\":\"https:\/\/kryma.net.pl\/wp-content\/uploads\/2019\/10\/Linia-FO.jpg\",\"datePublished\":\"2019-04-15T07:43:35+00:00\",\"dateModified\":\"2020-11-09T19:32:14+00:00\",\"breadcrumb\":{\"@id\":\"https:\/\/kryma.net.pl\/index.php\/linie-do-produkcji-pudel\/#breadcrumb\"},\"inLanguage\":\"pl-PL\",\"potentialAction\":[{\"@type\":\"ReadAction\",\"target\":[\"https:\/\/kryma.net.pl\/index.php\/linie-do-produkcji-pudel\/\"]}]},{\"@type\":\"ImageObject\",\"inLanguage\":\"pl-PL\",\"@id\":\"https:\/\/kryma.net.pl\/index.php\/linie-do-produkcji-pudel\/#primaryimage\",\"url\":\"https:\/\/kryma.net.pl\/wp-content\/uploads\/2019\/10\/Linia-FO.jpg\",\"contentUrl\":\"https:\/\/kryma.net.pl\/wp-content\/uploads\/2019\/10\/Linia-FO.jpg\",\"width\":3000,\"height\":1963},{\"@type\":\"BreadcrumbList\",\"@id\":\"https:\/\/kryma.net.pl\/index.php\/linie-do-produkcji-pudel\/#breadcrumb\",\"itemListElement\":[{\"@type\":\"ListItem\",\"position\":1,\"name\":\"Strona g\u0142\u00f3wna\",\"item\":\"https:\/\/kryma.net.pl\/\"},{\"@type\":\"ListItem\",\"position\":2,\"name\":\"Linie do produkcji pude\u0142\"}]},{\"@type\":\"WebSite\",\"@id\":\"https:\/\/kryma.net.pl\/#website\",\"url\":\"https:\/\/kryma.net.pl\/\",\"name\":\"Kryma Producent maszyn\",\"description\":\"Soletry - wykrawarki - drukarki\",\"potentialAction\":[{\"@type\":\"SearchAction\",\"target\":{\"@type\":\"EntryPoint\",\"urlTemplate\":\"https:\/\/kryma.net.pl\/?s={search_term_string}\"},\"query-input\":{\"@type\":\"PropertyValueSpecification\",\"valueRequired\":true,\"valueName\":\"search_term_string\"}}],\"inLanguage\":\"pl-PL\"}]}<\/script>\n<!-- \/ Yoast SEO plugin. -->","yoast_head_json":{"title":"Linie do produkcji pude\u0142 - Kryma Producent maszyn","robots":{"index":"index","follow":"follow","max-snippet":"max-snippet:-1","max-image-preview":"max-image-preview:large","max-video-preview":"max-video-preview:-1"},"canonical":"https:\/\/kryma.net.pl\/index.php\/linie-do-produkcji-pudel\/","og_locale":"pl_PL","og_type":"article","og_title":"Linie do produkcji pude\u0142 - Kryma Producent maszyn","og_description":"Nasze maszyny mo\u017cna \u0142\u0105czy\u0107 w linie do produkcji opakowa\u0144. Linie mo\u017cna tworzy\u0107 z \u0142\u0105cz\u0105c ze sob\u0105 maszyny w nast\u0119puj\u0105ce konfiguracje: \u00a0 Sloter + drukarka fleksograficzna 1 lub 2 korory Wykrawarka rotacyjna + drukarka fleksograficzna 1 lub 2 korory Sloter + Wykrawarka rotacyjna + drukarka fleksograficzna 1 lub 2 korory \u00a0 Ceny i parametry techniczne zale\u017c\u0105 [&hellip;]","og_url":"https:\/\/kryma.net.pl\/index.php\/linie-do-produkcji-pudel\/","og_site_name":"Kryma Producent maszyn","article_modified_time":"2020-11-09T19:32:14+00:00","og_image":[{"url":"https:\/\/kryma.net.pl\/wp-content\/uploads\/2019\/10\/Linia-FC-150x150.jpg","type":"","width":"","height":""}],"twitter_card":"summary_large_image","twitter_misc":{"Szacowany czas czytania":"1 minuta"},"schema":{"@context":"https:\/\/schema.org","@graph":[{"@type":"WebPage","@id":"https:\/\/kryma.net.pl\/index.php\/linie-do-produkcji-pudel\/","url":"https:\/\/kryma.net.pl\/index.php\/linie-do-produkcji-pudel\/","name":"Linie do produkcji pude\u0142 - Kryma Producent maszyn","isPartOf":{"@id":"https:\/\/kryma.net.pl\/#website"},"primaryImageOfPage":{"@id":"https:\/\/kryma.net.pl\/index.php\/linie-do-produkcji-pudel\/#primaryimage"},"image":{"@id":"https:\/\/kryma.net.pl\/index.php\/linie-do-produkcji-pudel\/#primaryimage"},"thumbnailUrl":"https:\/\/kryma.net.pl\/wp-content\/uploads\/2019\/10\/Linia-FO.jpg","datePublished":"2019-04-15T07:43:35+00:00","dateModified":"2020-11-09T19:32:14+00:00","breadcrumb":{"@id":"https:\/\/kryma.net.pl\/index.php\/linie-do-produkcji-pudel\/#breadcrumb"},"inLanguage":"pl-PL","potentialAction":[{"@type":"ReadAction","target":["https:\/\/kryma.net.pl\/index.php\/linie-do-produkcji-pudel\/"]}]},{"@type":"ImageObject","inLanguage":"pl-PL","@id":"https:\/\/kryma.net.pl\/index.php\/linie-do-produkcji-pudel\/#primaryimage","url":"https:\/\/kryma.net.pl\/wp-content\/uploads\/2019\/10\/Linia-FO.jpg","contentUrl":"https:\/\/kryma.net.pl\/wp-content\/uploads\/2019\/10\/Linia-FO.jpg","width":3000,"height":1963},{"@type":"BreadcrumbList","@id":"https:\/\/kryma.net.pl\/index.php\/linie-do-produkcji-pudel\/#breadcrumb","itemListElement":[{"@type":"ListItem","position":1,"name":"Strona g\u0142\u00f3wna","item":"https:\/\/kryma.net.pl\/"},{"@type":"ListItem","position":2,"name":"Linie do produkcji pude\u0142"}]},{"@type":"WebSite","@id":"https:\/\/kryma.net.pl\/#website","url":"https:\/\/kryma.net.pl\/","name":"Kryma Producent maszyn","description":"Soletry - wykrawarki - drukarki","potentialAction":[{"@type":"SearchAction","target":{"@type":"EntryPoint","urlTemplate":"https:\/\/kryma.net.pl\/?s={search_term_string}"},"query-input":{"@type":"PropertyValueSpecification","valueRequired":true,"valueName":"search_term_string"}}],"inLanguage":"pl-PL"}]}},"_links":{"self":[{"href":"https:\/\/kryma.net.pl\/index.php\/wp-json\/wp\/v2\/pages\/396","targetHints":{"allow":["GET"]}}],"collection":[{"href":"https:\/\/kryma.net.pl\/index.php\/wp-json\/wp\/v2\/pages"}],"about":[{"href":"https:\/\/kryma.net.pl\/index.php\/wp-json\/wp\/v2\/types\/page"}],"author":[{"embeddable":true,"href":"https:\/\/kryma.net.pl\/index.php\/wp-json\/wp\/v2\/users\/1"}],"replies":[{"embeddable":true,"href":"https:\/\/kryma.net.pl\/index.php\/wp-json\/wp\/v2\/comments?post=396"}],"version-history":[{"count":10,"href":"https:\/\/kryma.net.pl\/index.php\/wp-json\/wp\/v2\/pages\/396\/revisions"}],"predecessor-version":[{"id":1175,"href":"https:\/\/kryma.net.pl\/index.php\/wp-json\/wp\/v2\/pages\/396\/revisions\/1175"}],"wp:attachment":[{"href":"https:\/\/kryma.net.pl\/index.php\/wp-json\/wp\/v2\/media?parent=396"}],"curies":[{"name":"wp","href":"https:\/\/api.w.org\/{rel}","templated":true}]}}