{"id":945,"date":"2019-11-17T21:39:04","date_gmt":"2019-11-17T20:39:04","guid":{"rendered":"http:\/\/kryma.net.pl\/?page_id=945"},"modified":"2019-11-17T21:56:08","modified_gmt":"2019-11-17T20:56:08","slug":"polityka-prywatnosci","status":"publish","type":"page","link":"https:\/\/kryma.net.pl\/index.php\/polityka-prywatnosci\/","title":{"rendered":"Rodo"},"content":{"rendered":"<!--themify_builder_content-->\n<div id=\"themify_builder_content-945\" data-postid=\"945\" class=\"themify_builder_content themify_builder_content-945 themify_builder tf_clear\">\n                    <div  data-lazy=\"1\" class=\"module_row themify_builder_row tb_xi88877 tb_first tf_w\">\n                        <div class=\"row_inner col_align_top tb_col_count_1 tf_box tf_rel\">\n                        <div  data-lazy=\"1\" class=\"module_column tb-column col-full tb_2ivo878 first\">\n                    <!-- module text -->\n<div  class=\"module module-text tb_bb2b893   \" data-lazy=\"1\">\n        <div  class=\"tb_text_wrap\">\n        <p><strong>Informacja o zasadach przetwarzania danych osobowych<\/strong><\/p>\n<p>Szanowni Pa\u0144stwo,<\/p>\n<p>25 maja 2018 r. wesz\u0142o w \u017cycie Rozporz\u0105dzenie Parlamentu Europejskiego i Rady (UE) 2016\/679 z dnia 27 kwietnia 2016 r. w sprawie ochrony os\u00f3b fizycznych w zwi\u0105zku z przetwarzaniem danych osobowych i w sprawie swobodnego przep\u0142ywu takich danych (\u201eRODO\u201d).<\/p>\n<p>Zgodnie z obowi\u0105zkiem wynikaj\u0105cym z artyku\u0142u 13 RODO oraz chc\u0105c dostarczy\u0107 Pa\u0144stwu informacje o celu i zasadach przetwarzania przez nas Pa\u0144stwa danych osobowych oraz o przys\u0142uguj\u0105cych Pa\u0144stwu prawach zwi\u0105zanych z przetwarzaniem przedmiotowych danych, poni\u017cej przekazujemy niezb\u0119dne informacje w tym zakresie.<\/p>\n<p>\u00a0<\/p>\n<p><strong>Informacje podstawowe<\/strong><\/p>\n<p>Administratorem danych osobowych jest P.P.H. KRYMA Grzegorz Bartoszczyk, z siedzib\u0105 w \u0141odzi, ul. ul. Nastrojowa 64 m25, 91 -496 \u0141\u00f3d\u017a zwanym w dalszej cz\u0119\u015bci KRYMA. Twoje dane nabyli\u015bmy w zwi\u0105zku z prowadzon\u0105 przez nas dzia\u0142alno\u015bci\u0105 jak\u0105 jest sprzeda\u017c detaliczna jak i hurtowa towar\u00f3w i us\u0142ug.<\/p>\n<p>W celu szczeg\u00f3\u0142owych informacji o przetwarzaniu przez nas Twoich danych osobowych skieruj zapytanie na adres e-mail: rodo@kryma.pl lub adres pocztowy: P.P.H. KRYMA Grzegorz Bartoszczyk, ul. Nastrojowa 64 m25, 91 -496 \u0141\u00f3d\u017a \u2013 z dopiskiem: Informacja o Danych Osobowych.<\/p>\n<p>\u00a0<\/p>\n<p><strong>Podstawa prawna przetwarzania danych osobowych<\/strong><\/p>\n<p>Podstaw\u0105 prawn\u0105 przetwarzania danych osobowych mo\u017ce by\u0107:<\/p>\n<p>1) zgoda \u2013 tj. dobrowolnie wyra\u017cona przez Pa\u0144stwo zgoda na przetwarzanie danych, o kt\u00f3rej mowa w Art. 6 ust. 1 lit. a) RODO<\/p>\n<p>2) wymogi przedkontraktowe \u2013 tj. konieczno\u015b\u0107 dysponowania danymi na potrzeby podj\u0119cia na Pa\u0144stwa wniosek dzia\u0142a\u0144 przed planowan\u0105 do zawarcia Umow\u0105 o kt\u00f3rej mowa w Art. 6 ust. 1 lit. b) RODO<\/p>\n<p>3) wymogi kontraktowe \u2013 tj. konieczno\u015b\u0107 dysponowania danymi na potrzeby wykonania zawartej Umowy o kt\u00f3rej mowa w Art. 6 ust. 1 lit. b) RODO<\/p>\n<p>4) wymogi ustawowe \u2013 tj. konieczno\u015b\u0107 wype\u0142nienia przez Sp\u00f3\u0142k\u0119 obowi\u0105zk\u00f3w prawnych wynikaj\u0105cych z przepis\u00f3w prawa, o kt\u00f3rej mowa w Art. 6 ust. 1 lit. c) RODO,<\/p>\n<p>5) uzasadnione wymogi administratora \u2013 tj. konieczno\u015b\u0107 realizacji prawnie uzasadnionych interes\u00f3w firmy, o kt\u00f3rej mowa w Art. 6 ust. 1 lit. f) RODO.<\/p>\n<p>\u00a0<\/p>\n<p><strong>Cel przetwarzania danych<\/strong><\/p>\n<p>Przetwarzanie Twoich danych osobowych jest niezb\u0119dne do prawnie usprawiedliwionych cel\u00f3w realizowanych przez firm\u0119 KRYMA. Do takich cel\u00f3w zalicza si\u0119 mi\u0119dzy innymi wykonywania umowy zawartej z Tob\u0105 w celu realizacji oferowanych przez nas us\u0142ug. Twoje dane tkj. Imi\u0119, nazwisko, adres zamieszkania, ewentualnie adres e-mail, numer telefonu kontaktowego, numer PESEL, numer dokumentu potwierdzaj\u0105cego to\u017csamo\u015b\u0107, numer NIP, adres dostawy lub odbioru, s\u0105 niezb\u0119dne w celu:<\/p>\n<ul>\n<li>zapewnienia prawid\u0142owej obs\u0142ugi zwi\u0105zanej ze sprzeda\u017c\u0105 towar\u00f3w i us\u0142ug,<\/li>\n<li>zapewnienia prawid\u0142owego odbioru jak i dostawy towar\u00f3w,<\/li>\n<li>technicznej, reklamacyjnej, marketingowej, promocyjnej i w razie potrzeby windykacyjnej, s\u0105dowej, egzekucyjnej,<\/li>\n<li>prawid\u0142owego sporz\u0105dzenia umowy handlowej,<\/li>\n<li>obs\u0142ugi poprzez formularz kontaktowy, e-mail lub telefonicznie,<\/li>\n<li>prowadzenia danych statystycznych,<\/li>\n<li>zapewnienia zasady rozliczalno\u015bci,<\/li>\n<li>potrzebne nam przechowywanie Twoich danych tak\u017ce dla cel\u00f3w podatkowych i ksi\u0119gowych,<\/li>\n<li>spe\u0142nienia obowi\u0105zk\u00f3w wynikaj\u0105cych z przepis\u00f3w prawa,<\/li>\n<li>przesy\u0142ania dokument\u00f3w drog\u0105 elektroniczn\u0105.<\/li>\n<\/ul>\n<p>W pewnych sytuacjach, zwi\u0105zanych z zawieraniem um\u00f3w handlowych, mo\u017cemy poprosi\u0107 Ci\u0119 o podanie innych potrzebnych nami danych ale w takiej sytuacji zawsze poinformujemy Ci\u0119 z jakiego powodu to robimy.<\/p>\n<p>\u00a0<\/p>\n<p><strong>Gwarancja spe\u0142nienia przez firm\u0119 KRYMA wszystkich praw wynikaj\u0105cych z rozporz\u0105dzenia o ochronie danych osobowych<\/strong><\/p>\n<ul>\n<li>prawo dost\u0119pu i sprostowania danych (informacja zwrotna powinna nast\u0105pi\u0107 w ci\u0105gu 1 miesi\u0105ca od dnia otrzymania \u017c\u0105dania) : je\u015bli zauwa\u017cysz, \u017ce Twoje dane s\u0105 niekompletne lub nieprawid\u0142owe. KRYMA zastrzega sobie prawo jednoznacznej identyfikacji osoby prosz\u0105cej o dane osobowe tak aby\u015bmy mieli pewno\u015b\u0107, \u017ce udost\u0119pniamy Twoje dane Tobie.<\/li>\n<li>prawo do \u017c\u0105dania ograniczenia przetwarzania Twoich danych : je\u015bli Twoje dane s\u0105 przetwarzane niezgodnie z prawem ale nie chcesz aby by\u0142y usuni\u0119te lub je\u015bli Twoje dane nie s\u0105 ju\u017c potrzebne do realizacji umowy ale KRYMA ich potrzebuje dla cel\u00f3w windykacyjnych itp. Mo\u017cemy ograniczy\u0107 przetwarzanie Twoich danych je\u015bli wniesiesz sprzeciw lub wniosek o ich usuni\u0119cie do czasu ustalenia przez KRYMA czy Twoje \u017c\u0105danie jest uzasadnione.<\/li>\n<li>prawo do \u017c\u0105dania usuni\u0119cia swoich danych je\u015bli:<\/li>\n<\/ul>\n<p>o Twoje dane nie s\u0105 ju\u017c potrzebne do realizacji umowy tzn. nie s\u0105 ju\u017c niezb\u0119dne do cel\u00f3w dla kt\u00f3rych zosta\u0142y zebrane.<\/p>\n<p>o Twoje dane b\u0119d\u0105 przetwarzane niezgodnie z prawem.<\/p>\n<ul>\n<li>masz mo\u017cliwo\u015b\u0107 wniesienia skargi w zwi\u0105zku z nieprawid\u0142owym przetwarzaniem przez firm\u0119 KRYMA danych osobowych do organu nadzorczego jakim jest Generalny Inspektor Ochrony Danych Osobowych.<\/li>\n<li>mo\u017cesz wnie\u015b\u0107 sprzeciw wobec przetwarzania swoich danych w szczeg\u00f3lno\u015bci co do przetwarzania danych, co do kt\u00f3rych jest prawnie uzasadniony interes realizowany przez administratora, a tak\u017ce co do danych przetwarzanych na potrzeby marketingu bezpo\u015bredniego. Wykorzystanie prawa do sprzeciwu nie prowadzi do tego, \u017ce KRYMA usunie wszystkie dane, a jedynie przestanie z nich korzysta\u0107.<\/li>\n<\/ul>\n<p>\u00a0<\/p>\n<p><strong>D\u0142ugo\u015b\u0107 przechowywania danych osobowych przez firm\u0119 KRYMA.<\/strong><\/p>\n<p>Konieczne jest przechowywanie danych przez ca\u0142y okres realizacji zawartej umowy. Z kolei po jej rozwi\u0105zaniu uzasadnionym jest przechowywanie danych przez kolejne 3 lata (okres przedawnienia roszcze\u0144) lub ewentualnie do zako\u0144czenia procesu windykacji, procesu s\u0105dowego lub egzekucyjnego. Jednocze\u015bnie dla spe\u0142nienia zasady rozliczalno\u015bci mo\u017cemy przechowa\u0107 dane tak d\u0142ugo jak wymagaj\u0105 tego od nas organy publiczne i przepisy podatkowe.<\/p>\n<p>\u00a0<\/p>\n<p><strong>Komu udost\u0119pniamy Twoje dane?<\/strong><\/p>\n<p>KRYMA mo\u017ce przekaza\u0107 Twoje dane zgodnie z prawem organom publicznym upowa\u017cnionym na podstawie stosownych ustaw do \u017c\u0105dania takich informacji. CENTROSTAL-WROC\u0141AW mo\u017ce udost\u0119pni\u0107 Twoje dane tak\u017ce w celach przeprowadzenia windykacji, egzekucji komorniczej lub na \u017c\u0105danie organ\u00f3w podatkowych.<\/p>\n<p>\u00a0<\/p>\n<p><strong>Czy Twoje dane s\u0105 przekazywane poza Europejski Obszar Gospodarczy?<\/strong><\/p>\n<p>Wykorzystujemy oprogramowanie analityczne Google Analytics, oraz w niekt\u00f3rych przypadkach korzystamy z mechanizmu Google reCAPTCHA do sprawdzania czy dzia\u0142ania danego u\u017cytkownika nie s\u0105 wywo\u0142ywane przez oprogramowanie udaj\u0105ce ludzi, czyli tak zwane \u201eroboty\u201d. W tym przypadku mo\u017cemy przekaza\u0107 Tw\u00f3j adres IP firmie Google LLC ze Stan\u00f3w Zjednoczonych Ameryki.<\/p>\n<p>\u00a0<\/p>\n<p><strong>Czy dokonujemy zautomatyzowanego przetwarzania danych osobowych?<\/strong><\/p>\n<p>Twoje dane mog\u0105 by\u0107 przetwarzane w spos\u00f3b zautomatyzowany jednak\u017ce nie b\u0119dzie to wywo\u0142ywa\u0107 wobec Ciebie \u017cadnych skutk\u00f3w prawnych. Profilowanie polega na przetwarzaniu Twoich danych poprzez wykorzystywanie ich do oceny niekt\u00f3rych informacji o kliencie tj. zdolno\u015b\u0107 kredytowa.<\/p>    <\/div>\n<\/div>\n<!-- \/module text -->        <\/div>\n                        <\/div>\n        <\/div>\n        <\/div>\n<!--\/themify_builder_content-->","protected":false},"excerpt":{"rendered":"<p>Informacja o zasadach przetwarzania danych osobowych Szanowni Pa\u0144stwo, 25 maja 2018 r. wesz\u0142o w \u017cycie Rozporz\u0105dzenie Parlamentu Europejskiego i Rady (UE) 2016\/679 z dnia 27 kwietnia 2016 r. w sprawie ochrony os\u00f3b fizycznych w zwi\u0105zku z przetwarzaniem danych osobowych i w sprawie swobodnego przep\u0142ywu takich danych (\u201eRODO\u201d). Zgodnie z obowi\u0105zkiem wynikaj\u0105cym z artyku\u0142u 13 RODO [&hellip;]<\/p>\n","protected":false},"author":1,"featured_media":0,"parent":0,"menu_order":0,"comment_status":"closed","ping_status":"closed","template":"","meta":{"footnotes":""},"class_list":["post-945","page","type-page","status-publish","hentry","has-post-title","has-post-date","has-post-category","has-post-tag","has-post-comment","has-post-author",""],"yoast_head":"<!-- This site is optimized with the Yoast SEO plugin v24.1 - https:\/\/yoast.com\/wordpress\/plugins\/seo\/ -->\n<title>Rodo - Kryma Producent maszyn<\/title>\n<meta name=\"robots\" content=\"index, follow, max-snippet:-1, max-image-preview:large, max-video-preview:-1\" \/>\n<link rel=\"canonical\" href=\"https:\/\/kryma.net.pl\/index.php\/polityka-prywatnosci\/\" \/>\n<meta property=\"og:locale\" content=\"pl_PL\" \/>\n<meta property=\"og:type\" content=\"article\" \/>\n<meta property=\"og:title\" content=\"Rodo - Kryma Producent maszyn\" \/>\n<meta property=\"og:description\" content=\"Informacja o zasadach przetwarzania danych osobowych Szanowni Pa\u0144stwo, 25 maja 2018 r. wesz\u0142o w \u017cycie Rozporz\u0105dzenie Parlamentu Europejskiego i Rady (UE) 2016\/679 z dnia 27 kwietnia 2016 r. w sprawie ochrony os\u00f3b fizycznych w zwi\u0105zku z przetwarzaniem danych osobowych i w sprawie swobodnego przep\u0142ywu takich danych (\u201eRODO\u201d). Zgodnie z obowi\u0105zkiem wynikaj\u0105cym z artyku\u0142u 13 RODO [&hellip;]\" \/>\n<meta property=\"og:url\" content=\"https:\/\/kryma.net.pl\/index.php\/polityka-prywatnosci\/\" \/>\n<meta property=\"og:site_name\" content=\"Kryma Producent maszyn\" \/>\n<meta property=\"article:modified_time\" content=\"2019-11-17T20:56:08+00:00\" \/>\n<meta name=\"twitter:card\" content=\"summary_large_image\" \/>\n<meta name=\"twitter:label1\" content=\"Szacowany czas czytania\" \/>\n\t<meta name=\"twitter:data1\" content=\"5 minut\" \/>\n<script type=\"application\/ld+json\" class=\"yoast-schema-graph\">{\"@context\":\"https:\/\/schema.org\",\"@graph\":[{\"@type\":\"WebPage\",\"@id\":\"https:\/\/kryma.net.pl\/index.php\/polityka-prywatnosci\/\",\"url\":\"https:\/\/kryma.net.pl\/index.php\/polityka-prywatnosci\/\",\"name\":\"Rodo - Kryma Producent maszyn\",\"isPartOf\":{\"@id\":\"https:\/\/kryma.net.pl\/#website\"},\"datePublished\":\"2019-11-17T20:39:04+00:00\",\"dateModified\":\"2019-11-17T20:56:08+00:00\",\"breadcrumb\":{\"@id\":\"https:\/\/kryma.net.pl\/index.php\/polityka-prywatnosci\/#breadcrumb\"},\"inLanguage\":\"pl-PL\",\"potentialAction\":[{\"@type\":\"ReadAction\",\"target\":[\"https:\/\/kryma.net.pl\/index.php\/polityka-prywatnosci\/\"]}]},{\"@type\":\"BreadcrumbList\",\"@id\":\"https:\/\/kryma.net.pl\/index.php\/polityka-prywatnosci\/#breadcrumb\",\"itemListElement\":[{\"@type\":\"ListItem\",\"position\":1,\"name\":\"Strona g\u0142\u00f3wna\",\"item\":\"https:\/\/kryma.net.pl\/\"},{\"@type\":\"ListItem\",\"position\":2,\"name\":\"Rodo\"}]},{\"@type\":\"WebSite\",\"@id\":\"https:\/\/kryma.net.pl\/#website\",\"url\":\"https:\/\/kryma.net.pl\/\",\"name\":\"Kryma Producent maszyn\",\"description\":\"Soletry - wykrawarki - drukarki\",\"potentialAction\":[{\"@type\":\"SearchAction\",\"target\":{\"@type\":\"EntryPoint\",\"urlTemplate\":\"https:\/\/kryma.net.pl\/?s={search_term_string}\"},\"query-input\":{\"@type\":\"PropertyValueSpecification\",\"valueRequired\":true,\"valueName\":\"search_term_string\"}}],\"inLanguage\":\"pl-PL\"}]}<\/script>\n<!-- \/ Yoast SEO plugin. -->","yoast_head_json":{"title":"Rodo - Kryma Producent maszyn","robots":{"index":"index","follow":"follow","max-snippet":"max-snippet:-1","max-image-preview":"max-image-preview:large","max-video-preview":"max-video-preview:-1"},"canonical":"https:\/\/kryma.net.pl\/index.php\/polityka-prywatnosci\/","og_locale":"pl_PL","og_type":"article","og_title":"Rodo - Kryma Producent maszyn","og_description":"Informacja o zasadach przetwarzania danych osobowych Szanowni Pa\u0144stwo, 25 maja 2018 r. wesz\u0142o w \u017cycie Rozporz\u0105dzenie Parlamentu Europejskiego i Rady (UE) 2016\/679 z dnia 27 kwietnia 2016 r. w sprawie ochrony os\u00f3b fizycznych w zwi\u0105zku z przetwarzaniem danych osobowych i w sprawie swobodnego przep\u0142ywu takich danych (\u201eRODO\u201d). Zgodnie z obowi\u0105zkiem wynikaj\u0105cym z artyku\u0142u 13 RODO [&hellip;]","og_url":"https:\/\/kryma.net.pl\/index.php\/polityka-prywatnosci\/","og_site_name":"Kryma Producent maszyn","article_modified_time":"2019-11-17T20:56:08+00:00","twitter_card":"summary_large_image","twitter_misc":{"Szacowany czas czytania":"5 minut"},"schema":{"@context":"https:\/\/schema.org","@graph":[{"@type":"WebPage","@id":"https:\/\/kryma.net.pl\/index.php\/polityka-prywatnosci\/","url":"https:\/\/kryma.net.pl\/index.php\/polityka-prywatnosci\/","name":"Rodo - Kryma Producent maszyn","isPartOf":{"@id":"https:\/\/kryma.net.pl\/#website"},"datePublished":"2019-11-17T20:39:04+00:00","dateModified":"2019-11-17T20:56:08+00:00","breadcrumb":{"@id":"https:\/\/kryma.net.pl\/index.php\/polityka-prywatnosci\/#breadcrumb"},"inLanguage":"pl-PL","potentialAction":[{"@type":"ReadAction","target":["https:\/\/kryma.net.pl\/index.php\/polityka-prywatnosci\/"]}]},{"@type":"BreadcrumbList","@id":"https:\/\/kryma.net.pl\/index.php\/polityka-prywatnosci\/#breadcrumb","itemListElement":[{"@type":"ListItem","position":1,"name":"Strona g\u0142\u00f3wna","item":"https:\/\/kryma.net.pl\/"},{"@type":"ListItem","position":2,"name":"Rodo"}]},{"@type":"WebSite","@id":"https:\/\/kryma.net.pl\/#website","url":"https:\/\/kryma.net.pl\/","name":"Kryma Producent maszyn","description":"Soletry - wykrawarki - drukarki","potentialAction":[{"@type":"SearchAction","target":{"@type":"EntryPoint","urlTemplate":"https:\/\/kryma.net.pl\/?s={search_term_string}"},"query-input":{"@type":"PropertyValueSpecification","valueRequired":true,"valueName":"search_term_string"}}],"inLanguage":"pl-PL"}]}},"_links":{"self":[{"href":"https:\/\/kryma.net.pl\/index.php\/wp-json\/wp\/v2\/pages\/945","targetHints":{"allow":["GET"]}}],"collection":[{"href":"https:\/\/kryma.net.pl\/index.php\/wp-json\/wp\/v2\/pages"}],"about":[{"href":"https:\/\/kryma.net.pl\/index.php\/wp-json\/wp\/v2\/types\/page"}],"author":[{"embeddable":true,"href":"https:\/\/kryma.net.pl\/index.php\/wp-json\/wp\/v2\/users\/1"}],"replies":[{"embeddable":true,"href":"https:\/\/kryma.net.pl\/index.php\/wp-json\/wp\/v2\/comments?post=945"}],"version-history":[{"count":5,"href":"https:\/\/kryma.net.pl\/index.php\/wp-json\/wp\/v2\/pages\/945\/revisions"}],"predecessor-version":[{"id":953,"href":"https:\/\/kryma.net.pl\/index.php\/wp-json\/wp\/v2\/pages\/945\/revisions\/953"}],"wp:attachment":[{"href":"https:\/\/kryma.net.pl\/index.php\/wp-json\/wp\/v2\/media?parent=945"}],"curies":[{"name":"wp","href":"https:\/\/api.w.org\/{rel}","templated":true}]}}